{"id":34780,"date":"2025-07-23T15:00:15","date_gmt":"2025-07-23T15:00:15","guid":{"rendered":"https:\/\/zollas.art\/product\/ballpoint-pen-with-natural-cork-body\/"},"modified":"2025-10-28T17:56:24","modified_gmt":"2025-10-28T17:56:24","slug":"esferografica-com-corpo-em-cortica-natural","status":"publish","type":"product","link":"https:\/\/zollas.art\/pt-pt\/produto\/esferografica-com-corpo-em-cortica-natural\/","title":{"rendered":"Esferogr\u00e1fica com corpo em corti\u00e7a natural"},"content":{"rendered":"<p>Esferogr\u00e1fica com corpo em corti\u00e7a natural.<\/p>\n<p>Com clip met\u00e1lico e detalhes cromados, esta esferogr\u00e1fica possui mecanismo girat\u00f3rio e tinta azul, aliando eleg\u00e2ncia e funcionalidade.<\/p>\n<p>Fabricada com elementos de origem vegetal, promove a utiliza\u00e7\u00e3o de mat\u00e9rias-primas naturais e contribui para a redu\u00e7\u00e3o das emiss\u00f5es poluentes.<\/p>\n<p>Uma escolha sustent\u00e1vel e distinta para o dia a dia.<\/p>\n","protected":false},"excerpt":{"rendered":"<p>Esferogr\u00e1fica com corpo em corti\u00e7a natural.<\/p>\n","protected":false},"featured_media":33245,"comment_status":"closed","ping_status":"closed","template":"","meta":[],"product_brand":[],"product_cat":[204],"product_tag":[],"class_list":{"0":"post-34780","1":"product","2":"type-product","3":"status-publish","4":"has-post-thumbnail","6":"product_cat-escritorio","8":"first","9":"instock","10":"shipping-taxable","11":"product-type-simple"},"yoast_head":"<!-- This site is optimized with the Yoast SEO plugin v27.2 - https:\/\/yoast.com\/product\/yoast-seo-wordpress\/ -->\n<title>Esferogr\u00e1fica com corpo em corti\u00e7a natural - Zolla<\/title>\n<meta name=\"robots\" content=\"index, follow, max-snippet:-1, max-image-preview:large, max-video-preview:-1\" \/>\n<link rel=\"canonical\" href=\"https:\/\/zollas.art\/pt-pt\/produto\/esferografica-com-corpo-em-cortica-natural\/\" \/>\n<meta property=\"og:locale\" content=\"pt_PT\" \/>\n<meta property=\"og:type\" content=\"article\" \/>\n<meta property=\"og:title\" content=\"Esferogr\u00e1fica com corpo em corti\u00e7a natural - Zolla\" \/>\n<meta property=\"og:description\" content=\"Esferogr\u00e1fica com corpo em corti\u00e7a natural.\" \/>\n<meta property=\"og:url\" content=\"https:\/\/zollas.art\/pt-pt\/produto\/esferografica-com-corpo-em-cortica-natural\/\" \/>\n<meta property=\"og:site_name\" content=\"Zolla\" \/>\n<meta property=\"article:publisher\" content=\"https:\/\/www.facebook.com\/artelusa\" \/>\n<meta property=\"article:modified_time\" content=\"2025-10-28T17:56:24+00:00\" \/>\n<meta property=\"og:image\" content=\"https:\/\/zollas.art\/wp-content\/uploads\/2025\/07\/2645.01-MK.webp\" \/>\n\t<meta property=\"og:image:width\" content=\"1100\" \/>\n\t<meta property=\"og:image:height\" content=\"1100\" \/>\n\t<meta property=\"og:image:type\" content=\"image\/webp\" \/>\n<meta name=\"twitter:card\" content=\"summary_large_image\" \/>\n<meta name=\"twitter:label1\" content=\"Tempo estimado de leitura\" \/>\n\t<meta name=\"twitter:data1\" content=\"1 minuto\" \/>\n<script type=\"application\/ld+json\" class=\"yoast-schema-graph\">{\"@context\":\"https:\/\/schema.org\",\"@graph\":[{\"@type\":\"WebPage\",\"@id\":\"https:\/\/zollas.art\/pt-pt\/produto\/esferografica-com-corpo-em-cortica-natural\/\",\"url\":\"https:\/\/zollas.art\/pt-pt\/produto\/esferografica-com-corpo-em-cortica-natural\/\",\"name\":\"Esferogr\u00e1fica com corpo em corti\u00e7a natural - Zolla\",\"isPartOf\":{\"@id\":\"https:\/\/zollas.art\/pt-pt\/#website\"},\"primaryImageOfPage\":{\"@id\":\"https:\/\/zollas.art\/pt-pt\/produto\/esferografica-com-corpo-em-cortica-natural\/#primaryimage\"},\"image\":{\"@id\":\"https:\/\/zollas.art\/pt-pt\/produto\/esferografica-com-corpo-em-cortica-natural\/#primaryimage\"},\"thumbnailUrl\":\"https:\/\/zollas.art\/wp-content\/uploads\/2025\/07\/2645.01-MK.webp\",\"datePublished\":\"2025-07-23T15:00:15+00:00\",\"dateModified\":\"2025-10-28T17:56:24+00:00\",\"breadcrumb\":{\"@id\":\"https:\/\/zollas.art\/pt-pt\/produto\/esferografica-com-corpo-em-cortica-natural\/#breadcrumb\"},\"inLanguage\":\"pt-PT\",\"potentialAction\":[{\"@type\":\"ReadAction\",\"target\":[\"https:\/\/zollas.art\/pt-pt\/produto\/esferografica-com-corpo-em-cortica-natural\/\"]}]},{\"@type\":\"ImageObject\",\"inLanguage\":\"pt-PT\",\"@id\":\"https:\/\/zollas.art\/pt-pt\/produto\/esferografica-com-corpo-em-cortica-natural\/#primaryimage\",\"url\":\"https:\/\/zollas.art\/wp-content\/uploads\/2025\/07\/2645.01-MK.webp\",\"contentUrl\":\"https:\/\/zollas.art\/wp-content\/uploads\/2025\/07\/2645.01-MK.webp\",\"width\":1100,\"height\":1100},{\"@type\":\"BreadcrumbList\",\"@id\":\"https:\/\/zollas.art\/pt-pt\/produto\/esferografica-com-corpo-em-cortica-natural\/#breadcrumb\",\"itemListElement\":[{\"@type\":\"ListItem\",\"position\":1,\"name\":\"Home\",\"item\":\"https:\/\/zollas.art\/pt-pt\/\"},{\"@type\":\"ListItem\",\"position\":2,\"name\":\"Loja\",\"item\":\"https:\/\/zollas.art\/pt-pt\/loja\/\"},{\"@type\":\"ListItem\",\"position\":3,\"name\":\"Esferogr\u00e1fica com corpo em corti\u00e7a natural\"}]},{\"@type\":\"WebSite\",\"@id\":\"https:\/\/zollas.art\/pt-pt\/#website\",\"url\":\"https:\/\/zollas.art\/pt-pt\/\",\"name\":\"Zolla\",\"description\":\"Eco Friendly cork products with cork 100% natural and PETA approved.\",\"publisher\":{\"@id\":\"https:\/\/zollas.art\/pt-pt\/#organization\"},\"potentialAction\":[{\"@type\":\"SearchAction\",\"target\":{\"@type\":\"EntryPoint\",\"urlTemplate\":\"https:\/\/zollas.art\/pt-pt\/?s={search_term_string}\"},\"query-input\":{\"@type\":\"PropertyValueSpecification\",\"valueRequired\":true,\"valueName\":\"search_term_string\"}}],\"inLanguage\":\"pt-PT\"},{\"@type\":\"Organization\",\"@id\":\"https:\/\/zollas.art\/pt-pt\/#organization\",\"name\":\"Zollas\",\"url\":\"https:\/\/zollas.art\/pt-pt\/\",\"logo\":{\"@type\":\"ImageObject\",\"inLanguage\":\"pt-PT\",\"@id\":\"https:\/\/zollas.art\/pt-pt\/#\/schema\/logo\/image\/\",\"url\":\"https:\/\/zollas.art\/wp-content\/uploads\/2025\/07\/logo_artelusa_318.webp\",\"contentUrl\":\"https:\/\/zollas.art\/wp-content\/uploads\/2025\/07\/logo_artelusa_318.webp\",\"width\":318,\"height\":145,\"caption\":\"Zollas\"},\"image\":{\"@id\":\"https:\/\/zollas.art\/pt-pt\/#\/schema\/logo\/image\/\"},\"sameAs\":[\"https:\/\/www.facebook.com\/artelusa\",\"https:\/\/www.instagram.com\/artelusa\/\",\"https:\/\/www.youtube.com\/channel\/UCzyslgcvHAI_kQ_hkae5JIw\"]}]}<\/script>\n<!-- \/ Yoast SEO plugin. -->","yoast_head_json":{"title":"Esferogr\u00e1fica com corpo em corti\u00e7a natural - Zolla","robots":{"index":"index","follow":"follow","max-snippet":"max-snippet:-1","max-image-preview":"max-image-preview:large","max-video-preview":"max-video-preview:-1"},"canonical":"https:\/\/zollas.art\/pt-pt\/produto\/esferografica-com-corpo-em-cortica-natural\/","og_locale":"pt_PT","og_type":"article","og_title":"Esferogr\u00e1fica com corpo em corti\u00e7a natural - Zolla","og_description":"Esferogr\u00e1fica com corpo em corti\u00e7a natural.","og_url":"https:\/\/zollas.art\/pt-pt\/produto\/esferografica-com-corpo-em-cortica-natural\/","og_site_name":"Zolla","article_publisher":"https:\/\/www.facebook.com\/artelusa","article_modified_time":"2025-10-28T17:56:24+00:00","og_image":[{"width":1100,"height":1100,"url":"https:\/\/zollas.art\/wp-content\/uploads\/2025\/07\/2645.01-MK.webp","type":"image\/webp"}],"twitter_card":"summary_large_image","twitter_misc":{"Tempo estimado de leitura":"1 minuto"},"schema":{"@context":"https:\/\/schema.org","@graph":[{"@type":"WebPage","@id":"https:\/\/zollas.art\/pt-pt\/produto\/esferografica-com-corpo-em-cortica-natural\/","url":"https:\/\/zollas.art\/pt-pt\/produto\/esferografica-com-corpo-em-cortica-natural\/","name":"Esferogr\u00e1fica com corpo em corti\u00e7a natural - Zolla","isPartOf":{"@id":"https:\/\/zollas.art\/pt-pt\/#website"},"primaryImageOfPage":{"@id":"https:\/\/zollas.art\/pt-pt\/produto\/esferografica-com-corpo-em-cortica-natural\/#primaryimage"},"image":{"@id":"https:\/\/zollas.art\/pt-pt\/produto\/esferografica-com-corpo-em-cortica-natural\/#primaryimage"},"thumbnailUrl":"https:\/\/zollas.art\/wp-content\/uploads\/2025\/07\/2645.01-MK.webp","datePublished":"2025-07-23T15:00:15+00:00","dateModified":"2025-10-28T17:56:24+00:00","breadcrumb":{"@id":"https:\/\/zollas.art\/pt-pt\/produto\/esferografica-com-corpo-em-cortica-natural\/#breadcrumb"},"inLanguage":"pt-PT","potentialAction":[{"@type":"ReadAction","target":["https:\/\/zollas.art\/pt-pt\/produto\/esferografica-com-corpo-em-cortica-natural\/"]}]},{"@type":"ImageObject","inLanguage":"pt-PT","@id":"https:\/\/zollas.art\/pt-pt\/produto\/esferografica-com-corpo-em-cortica-natural\/#primaryimage","url":"https:\/\/zollas.art\/wp-content\/uploads\/2025\/07\/2645.01-MK.webp","contentUrl":"https:\/\/zollas.art\/wp-content\/uploads\/2025\/07\/2645.01-MK.webp","width":1100,"height":1100},{"@type":"BreadcrumbList","@id":"https:\/\/zollas.art\/pt-pt\/produto\/esferografica-com-corpo-em-cortica-natural\/#breadcrumb","itemListElement":[{"@type":"ListItem","position":1,"name":"Home","item":"https:\/\/zollas.art\/pt-pt\/"},{"@type":"ListItem","position":2,"name":"Loja","item":"https:\/\/zollas.art\/pt-pt\/loja\/"},{"@type":"ListItem","position":3,"name":"Esferogr\u00e1fica com corpo em corti\u00e7a natural"}]},{"@type":"WebSite","@id":"https:\/\/zollas.art\/pt-pt\/#website","url":"https:\/\/zollas.art\/pt-pt\/","name":"Zolla","description":"Eco Friendly cork products with cork 100% natural and PETA approved.","publisher":{"@id":"https:\/\/zollas.art\/pt-pt\/#organization"},"potentialAction":[{"@type":"SearchAction","target":{"@type":"EntryPoint","urlTemplate":"https:\/\/zollas.art\/pt-pt\/?s={search_term_string}"},"query-input":{"@type":"PropertyValueSpecification","valueRequired":true,"valueName":"search_term_string"}}],"inLanguage":"pt-PT"},{"@type":"Organization","@id":"https:\/\/zollas.art\/pt-pt\/#organization","name":"Zollas","url":"https:\/\/zollas.art\/pt-pt\/","logo":{"@type":"ImageObject","inLanguage":"pt-PT","@id":"https:\/\/zollas.art\/pt-pt\/#\/schema\/logo\/image\/","url":"https:\/\/zollas.art\/wp-content\/uploads\/2025\/07\/logo_artelusa_318.webp","contentUrl":"https:\/\/zollas.art\/wp-content\/uploads\/2025\/07\/logo_artelusa_318.webp","width":318,"height":145,"caption":"Zollas"},"image":{"@id":"https:\/\/zollas.art\/pt-pt\/#\/schema\/logo\/image\/"},"sameAs":["https:\/\/www.facebook.com\/artelusa","https:\/\/www.instagram.com\/artelusa\/","https:\/\/www.youtube.com\/channel\/UCzyslgcvHAI_kQ_hkae5JIw"]}]}},"_links":{"self":[{"href":"https:\/\/zollas.art\/pt-pt\/wp-json\/wp\/v2\/product\/34780","targetHints":{"allow":["GET"]}}],"collection":[{"href":"https:\/\/zollas.art\/pt-pt\/wp-json\/wp\/v2\/product"}],"about":[{"href":"https:\/\/zollas.art\/pt-pt\/wp-json\/wp\/v2\/types\/product"}],"replies":[{"embeddable":true,"href":"https:\/\/zollas.art\/pt-pt\/wp-json\/wp\/v2\/comments?post=34780"}],"version-history":[{"count":0,"href":"https:\/\/zollas.art\/pt-pt\/wp-json\/wp\/v2\/product\/34780\/revisions"}],"wp:featuredmedia":[{"embeddable":true,"href":"https:\/\/zollas.art\/pt-pt\/wp-json\/wp\/v2\/media\/33245"}],"wp:attachment":[{"href":"https:\/\/zollas.art\/pt-pt\/wp-json\/wp\/v2\/media?parent=34780"}],"wp:term":[{"taxonomy":"product_brand","embeddable":true,"href":"https:\/\/zollas.art\/pt-pt\/wp-json\/wp\/v2\/product_brand?post=34780"},{"taxonomy":"product_cat","embeddable":true,"href":"https:\/\/zollas.art\/pt-pt\/wp-json\/wp\/v2\/product_cat?post=34780"},{"taxonomy":"product_tag","embeddable":true,"href":"https:\/\/zollas.art\/pt-pt\/wp-json\/wp\/v2\/product_tag?post=34780"}],"curies":[{"name":"wp","href":"https:\/\/api.w.org\/{rel}","templated":true}]}}