{"id":34459,"date":"2025-07-23T14:59:47","date_gmt":"2025-07-23T14:59:47","guid":{"rendered":"https:\/\/zollas.art\/product\/cork-necklace-with-tube-beads\/"},"modified":"2025-10-24T15:59:30","modified_gmt":"2025-10-24T15:59:30","slug":"colar-em-cortica-com-contas-em-tubos","status":"publish","type":"product","link":"https:\/\/zollas.art\/pt-pt\/produto\/colar-em-cortica-com-contas-em-tubos\/","title":{"rendered":"Colar em corti\u00e7a com contas em tubos"},"content":{"rendered":"<p>Colar em corti\u00e7a com duas voltas e contas prateadas em tubos met\u00e1licos.<\/p>\n<p>Colar artesanal de duas voltas em corti\u00e7a natural, decorado com contas prateadas inseridas em elegantes tubos met\u00e1licos.<\/p>\n<p>O design contempor\u00e2neo combina o charme r\u00fastico da corti\u00e7a com o brilho subtil dos metais, criando uma pe\u00e7a sofisticada e leve, ideal para quem valoriza acess\u00f3rios sustent\u00e1veis com estilo \u00fanico.<\/p>\n<p>Material 100% vegetal, vegan e amigo do ambiente \u2014 corti\u00e7a portuguesa leve, resistente, imperme\u00e1vel, recicl\u00e1vel e dur\u00e1vel.<\/p>\n<p>Feito \u00e0 m\u00e3o em Portugal.<\/p>\n","protected":false},"excerpt":{"rendered":"<p>Colar em corti\u00e7a com contas em tubos.<\/p>\n","protected":false},"featured_media":33088,"comment_status":"closed","ping_status":"closed","template":"","meta":[],"product_brand":[],"product_cat":[291],"product_tag":[],"class_list":{"0":"post-34459","1":"product","2":"type-product","3":"status-publish","4":"has-post-thumbnail","6":"product_cat-bijuteria","8":"first","9":"instock","10":"shipping-taxable","11":"product-type-simple"},"yoast_head":"<!-- This site is optimized with the Yoast SEO plugin v27.2 - https:\/\/yoast.com\/product\/yoast-seo-wordpress\/ -->\n<title>Colar em corti\u00e7a com contas em tubos - Zolla<\/title>\n<meta name=\"robots\" content=\"index, follow, max-snippet:-1, max-image-preview:large, max-video-preview:-1\" \/>\n<link rel=\"canonical\" href=\"https:\/\/zollas.art\/pt-pt\/produto\/colar-em-cortica-com-contas-em-tubos\/\" \/>\n<meta property=\"og:locale\" content=\"pt_PT\" \/>\n<meta property=\"og:type\" content=\"article\" \/>\n<meta property=\"og:title\" content=\"Colar em corti\u00e7a com contas em tubos - Zolla\" \/>\n<meta property=\"og:description\" content=\"Colar em corti\u00e7a com contas em tubos.\" \/>\n<meta property=\"og:url\" content=\"https:\/\/zollas.art\/pt-pt\/produto\/colar-em-cortica-com-contas-em-tubos\/\" \/>\n<meta property=\"og:site_name\" content=\"Zolla\" \/>\n<meta property=\"article:publisher\" content=\"https:\/\/www.facebook.com\/artelusa\" \/>\n<meta property=\"article:modified_time\" content=\"2025-10-24T15:59:30+00:00\" \/>\n<meta property=\"og:image\" content=\"https:\/\/zollas.art\/wp-content\/uploads\/2025\/07\/9051.01-N06.webp\" \/>\n\t<meta property=\"og:image:width\" content=\"1100\" \/>\n\t<meta property=\"og:image:height\" content=\"1104\" \/>\n\t<meta property=\"og:image:type\" content=\"image\/webp\" \/>\n<meta name=\"twitter:card\" content=\"summary_large_image\" \/>\n<meta name=\"twitter:label1\" content=\"Tempo estimado de leitura\" \/>\n\t<meta name=\"twitter:data1\" content=\"1 minuto\" \/>\n<script type=\"application\/ld+json\" class=\"yoast-schema-graph\">{\"@context\":\"https:\/\/schema.org\",\"@graph\":[{\"@type\":\"WebPage\",\"@id\":\"https:\/\/zollas.art\/pt-pt\/produto\/colar-em-cortica-com-contas-em-tubos\/\",\"url\":\"https:\/\/zollas.art\/pt-pt\/produto\/colar-em-cortica-com-contas-em-tubos\/\",\"name\":\"Colar em corti\u00e7a com contas em tubos - Zolla\",\"isPartOf\":{\"@id\":\"https:\/\/zollas.art\/pt-pt\/#website\"},\"primaryImageOfPage\":{\"@id\":\"https:\/\/zollas.art\/pt-pt\/produto\/colar-em-cortica-com-contas-em-tubos\/#primaryimage\"},\"image\":{\"@id\":\"https:\/\/zollas.art\/pt-pt\/produto\/colar-em-cortica-com-contas-em-tubos\/#primaryimage\"},\"thumbnailUrl\":\"https:\/\/zollas.art\/wp-content\/uploads\/2025\/07\/9051.01-N06.webp\",\"datePublished\":\"2025-07-23T14:59:47+00:00\",\"dateModified\":\"2025-10-24T15:59:30+00:00\",\"breadcrumb\":{\"@id\":\"https:\/\/zollas.art\/pt-pt\/produto\/colar-em-cortica-com-contas-em-tubos\/#breadcrumb\"},\"inLanguage\":\"pt-PT\",\"potentialAction\":[{\"@type\":\"ReadAction\",\"target\":[\"https:\/\/zollas.art\/pt-pt\/produto\/colar-em-cortica-com-contas-em-tubos\/\"]}]},{\"@type\":\"ImageObject\",\"inLanguage\":\"pt-PT\",\"@id\":\"https:\/\/zollas.art\/pt-pt\/produto\/colar-em-cortica-com-contas-em-tubos\/#primaryimage\",\"url\":\"https:\/\/zollas.art\/wp-content\/uploads\/2025\/07\/9051.01-N06.webp\",\"contentUrl\":\"https:\/\/zollas.art\/wp-content\/uploads\/2025\/07\/9051.01-N06.webp\",\"width\":1100,\"height\":1104},{\"@type\":\"BreadcrumbList\",\"@id\":\"https:\/\/zollas.art\/pt-pt\/produto\/colar-em-cortica-com-contas-em-tubos\/#breadcrumb\",\"itemListElement\":[{\"@type\":\"ListItem\",\"position\":1,\"name\":\"Home\",\"item\":\"https:\/\/zollas.art\/pt-pt\/\"},{\"@type\":\"ListItem\",\"position\":2,\"name\":\"Loja\",\"item\":\"https:\/\/zollas.art\/pt-pt\/loja\/\"},{\"@type\":\"ListItem\",\"position\":3,\"name\":\"Colar em corti\u00e7a com contas em tubos\"}]},{\"@type\":\"WebSite\",\"@id\":\"https:\/\/zollas.art\/pt-pt\/#website\",\"url\":\"https:\/\/zollas.art\/pt-pt\/\",\"name\":\"Zolla\",\"description\":\"Eco Friendly cork products with cork 100% natural and PETA approved.\",\"publisher\":{\"@id\":\"https:\/\/zollas.art\/pt-pt\/#organization\"},\"potentialAction\":[{\"@type\":\"SearchAction\",\"target\":{\"@type\":\"EntryPoint\",\"urlTemplate\":\"https:\/\/zollas.art\/pt-pt\/?s={search_term_string}\"},\"query-input\":{\"@type\":\"PropertyValueSpecification\",\"valueRequired\":true,\"valueName\":\"search_term_string\"}}],\"inLanguage\":\"pt-PT\"},{\"@type\":\"Organization\",\"@id\":\"https:\/\/zollas.art\/pt-pt\/#organization\",\"name\":\"Zollas\",\"url\":\"https:\/\/zollas.art\/pt-pt\/\",\"logo\":{\"@type\":\"ImageObject\",\"inLanguage\":\"pt-PT\",\"@id\":\"https:\/\/zollas.art\/pt-pt\/#\/schema\/logo\/image\/\",\"url\":\"https:\/\/zollas.art\/wp-content\/uploads\/2025\/07\/logo_artelusa_318.webp\",\"contentUrl\":\"https:\/\/zollas.art\/wp-content\/uploads\/2025\/07\/logo_artelusa_318.webp\",\"width\":318,\"height\":145,\"caption\":\"Zollas\"},\"image\":{\"@id\":\"https:\/\/zollas.art\/pt-pt\/#\/schema\/logo\/image\/\"},\"sameAs\":[\"https:\/\/www.facebook.com\/artelusa\",\"https:\/\/www.instagram.com\/artelusa\/\",\"https:\/\/www.youtube.com\/channel\/UCzyslgcvHAI_kQ_hkae5JIw\"]}]}<\/script>\n<!-- \/ Yoast SEO plugin. -->","yoast_head_json":{"title":"Colar em corti\u00e7a com contas em tubos - Zolla","robots":{"index":"index","follow":"follow","max-snippet":"max-snippet:-1","max-image-preview":"max-image-preview:large","max-video-preview":"max-video-preview:-1"},"canonical":"https:\/\/zollas.art\/pt-pt\/produto\/colar-em-cortica-com-contas-em-tubos\/","og_locale":"pt_PT","og_type":"article","og_title":"Colar em corti\u00e7a com contas em tubos - Zolla","og_description":"Colar em corti\u00e7a com contas em tubos.","og_url":"https:\/\/zollas.art\/pt-pt\/produto\/colar-em-cortica-com-contas-em-tubos\/","og_site_name":"Zolla","article_publisher":"https:\/\/www.facebook.com\/artelusa","article_modified_time":"2025-10-24T15:59:30+00:00","og_image":[{"width":1100,"height":1104,"url":"https:\/\/zollas.art\/wp-content\/uploads\/2025\/07\/9051.01-N06.webp","type":"image\/webp"}],"twitter_card":"summary_large_image","twitter_misc":{"Tempo estimado de leitura":"1 minuto"},"schema":{"@context":"https:\/\/schema.org","@graph":[{"@type":"WebPage","@id":"https:\/\/zollas.art\/pt-pt\/produto\/colar-em-cortica-com-contas-em-tubos\/","url":"https:\/\/zollas.art\/pt-pt\/produto\/colar-em-cortica-com-contas-em-tubos\/","name":"Colar em corti\u00e7a com contas em tubos - Zolla","isPartOf":{"@id":"https:\/\/zollas.art\/pt-pt\/#website"},"primaryImageOfPage":{"@id":"https:\/\/zollas.art\/pt-pt\/produto\/colar-em-cortica-com-contas-em-tubos\/#primaryimage"},"image":{"@id":"https:\/\/zollas.art\/pt-pt\/produto\/colar-em-cortica-com-contas-em-tubos\/#primaryimage"},"thumbnailUrl":"https:\/\/zollas.art\/wp-content\/uploads\/2025\/07\/9051.01-N06.webp","datePublished":"2025-07-23T14:59:47+00:00","dateModified":"2025-10-24T15:59:30+00:00","breadcrumb":{"@id":"https:\/\/zollas.art\/pt-pt\/produto\/colar-em-cortica-com-contas-em-tubos\/#breadcrumb"},"inLanguage":"pt-PT","potentialAction":[{"@type":"ReadAction","target":["https:\/\/zollas.art\/pt-pt\/produto\/colar-em-cortica-com-contas-em-tubos\/"]}]},{"@type":"ImageObject","inLanguage":"pt-PT","@id":"https:\/\/zollas.art\/pt-pt\/produto\/colar-em-cortica-com-contas-em-tubos\/#primaryimage","url":"https:\/\/zollas.art\/wp-content\/uploads\/2025\/07\/9051.01-N06.webp","contentUrl":"https:\/\/zollas.art\/wp-content\/uploads\/2025\/07\/9051.01-N06.webp","width":1100,"height":1104},{"@type":"BreadcrumbList","@id":"https:\/\/zollas.art\/pt-pt\/produto\/colar-em-cortica-com-contas-em-tubos\/#breadcrumb","itemListElement":[{"@type":"ListItem","position":1,"name":"Home","item":"https:\/\/zollas.art\/pt-pt\/"},{"@type":"ListItem","position":2,"name":"Loja","item":"https:\/\/zollas.art\/pt-pt\/loja\/"},{"@type":"ListItem","position":3,"name":"Colar em corti\u00e7a com contas em tubos"}]},{"@type":"WebSite","@id":"https:\/\/zollas.art\/pt-pt\/#website","url":"https:\/\/zollas.art\/pt-pt\/","name":"Zolla","description":"Eco Friendly cork products with cork 100% natural and PETA approved.","publisher":{"@id":"https:\/\/zollas.art\/pt-pt\/#organization"},"potentialAction":[{"@type":"SearchAction","target":{"@type":"EntryPoint","urlTemplate":"https:\/\/zollas.art\/pt-pt\/?s={search_term_string}"},"query-input":{"@type":"PropertyValueSpecification","valueRequired":true,"valueName":"search_term_string"}}],"inLanguage":"pt-PT"},{"@type":"Organization","@id":"https:\/\/zollas.art\/pt-pt\/#organization","name":"Zollas","url":"https:\/\/zollas.art\/pt-pt\/","logo":{"@type":"ImageObject","inLanguage":"pt-PT","@id":"https:\/\/zollas.art\/pt-pt\/#\/schema\/logo\/image\/","url":"https:\/\/zollas.art\/wp-content\/uploads\/2025\/07\/logo_artelusa_318.webp","contentUrl":"https:\/\/zollas.art\/wp-content\/uploads\/2025\/07\/logo_artelusa_318.webp","width":318,"height":145,"caption":"Zollas"},"image":{"@id":"https:\/\/zollas.art\/pt-pt\/#\/schema\/logo\/image\/"},"sameAs":["https:\/\/www.facebook.com\/artelusa","https:\/\/www.instagram.com\/artelusa\/","https:\/\/www.youtube.com\/channel\/UCzyslgcvHAI_kQ_hkae5JIw"]}]}},"_links":{"self":[{"href":"https:\/\/zollas.art\/pt-pt\/wp-json\/wp\/v2\/product\/34459","targetHints":{"allow":["GET"]}}],"collection":[{"href":"https:\/\/zollas.art\/pt-pt\/wp-json\/wp\/v2\/product"}],"about":[{"href":"https:\/\/zollas.art\/pt-pt\/wp-json\/wp\/v2\/types\/product"}],"replies":[{"embeddable":true,"href":"https:\/\/zollas.art\/pt-pt\/wp-json\/wp\/v2\/comments?post=34459"}],"version-history":[{"count":0,"href":"https:\/\/zollas.art\/pt-pt\/wp-json\/wp\/v2\/product\/34459\/revisions"}],"wp:featuredmedia":[{"embeddable":true,"href":"https:\/\/zollas.art\/pt-pt\/wp-json\/wp\/v2\/media\/33088"}],"wp:attachment":[{"href":"https:\/\/zollas.art\/pt-pt\/wp-json\/wp\/v2\/media?parent=34459"}],"wp:term":[{"taxonomy":"product_brand","embeddable":true,"href":"https:\/\/zollas.art\/pt-pt\/wp-json\/wp\/v2\/product_brand?post=34459"},{"taxonomy":"product_cat","embeddable":true,"href":"https:\/\/zollas.art\/pt-pt\/wp-json\/wp\/v2\/product_cat?post=34459"},{"taxonomy":"product_tag","embeddable":true,"href":"https:\/\/zollas.art\/pt-pt\/wp-json\/wp\/v2\/product_tag?post=34459"}],"curies":[{"name":"wp","href":"https:\/\/api.w.org\/{rel}","templated":true}]}}