{"id":34406,"date":"2025-07-23T14:59:42","date_gmt":"2025-07-23T14:59:42","guid":{"rendered":"https:\/\/zollas.art\/product\/glue-two-cork-loops-with-green-and-yellow-square-ceramics-and-silver-beads\/"},"modified":"2025-10-24T13:40:59","modified_gmt":"2025-10-24T13:40:59","slug":"colar-duas-voltas-em-cortica-com-ceramicas-quadradas-verdes-e-amarelas-e-contas-prateadas","status":"publish","type":"product","link":"https:\/\/zollas.art\/pt-pt\/produto\/colar-duas-voltas-em-cortica-com-ceramicas-quadradas-verdes-e-amarelas-e-contas-prateadas\/","title":{"rendered":"Colar duas voltas em corti\u00e7a com cer\u00e2micas quadradas e contas prateadas"},"content":{"rendered":"<p>Este colar de duas voltas \u00e9 uma pe\u00e7a de joalheria artesanal, que combina materiais naturais com elementos vibrantes e sofisticados.<\/p>\n<p>Ele \u00e9 ideal para quem busca um acess\u00f3rio \u00fanico e cheio de estilo.<\/p>\n<p>A base do colar \u00e9 composta por corti\u00e7a, um material leve e ecol\u00f3gico, conhecido por sua flexibilidade e textura natural.<\/p>\n<p>A corti\u00e7a oferece um toque org\u00e2nico \u00e0 pe\u00e7a, fazendo dela uma escolha sustent\u00e1vel e elegante. Sua tonalidade neutra cria um contraste perfeito com as cores vibrantes das cer\u00e2micas e o brilho das contas prateadas.<\/p>\n<p>Adornando o colar, pequenas pe\u00e7as de cer\u00e2mica quadrada s\u00e3o dispostas em cores verde e amarela, criando um efeito din\u00e2mico e alegre.<\/p>\n<p>As cer\u00e2micas podem ser dispostas de forma alternada ou formando padr\u00f5es geom\u00e9tricos, trazendo um visual moderno e fresco.<\/p>\n<p>O verde evoca sensa\u00e7\u00f5es de tranquilidade e natureza, enquanto o amarelo traz energia e luminosidade \u00e0 pe\u00e7a.<\/p>\n<p>Entre as cer\u00e2micas, contas prateadas adicionam sofistica\u00e7\u00e3o e um toque de brilho.<\/p>\n<p>O prateado complementa perfeitamente a combina\u00e7\u00e3o das cer\u00e2micas, destacando a pe\u00e7a e conferindo-lhe um aspecto contempor\u00e2neo e refinado. As contas s\u00e3o distribu\u00eddas ao longo do colar para equilibrar o design e criar uma harmonia visual.<\/p>\n<p>Fabricado em Portugal com corti\u00e7a portuguesa de alta qualidade trabalho manual.<\/p>\n","protected":false},"excerpt":{"rendered":"<p>Colar duas voltas em corti\u00e7a com cer\u00e2micas quadradas e contas prateadas.<\/p>\n","protected":false},"featured_media":30795,"comment_status":"closed","ping_status":"closed","template":"","meta":[],"product_brand":[],"product_cat":[291],"product_tag":[],"class_list":{"0":"post-34406","1":"product","2":"type-product","3":"status-publish","4":"has-post-thumbnail","6":"product_cat-bijuteria","8":"first","9":"instock","10":"shipping-taxable","11":"product-type-simple"},"yoast_head":"<!-- This site is optimized with the Yoast SEO plugin v27.2 - https:\/\/yoast.com\/product\/yoast-seo-wordpress\/ -->\n<title>Colar duas voltas em corti\u00e7a com cer\u00e2micas quadradas e contas prateadas - Zolla<\/title>\n<meta name=\"robots\" content=\"index, follow, max-snippet:-1, max-image-preview:large, max-video-preview:-1\" \/>\n<link rel=\"canonical\" href=\"https:\/\/zollas.art\/pt-pt\/produto\/colar-duas-voltas-em-cortica-com-ceramicas-quadradas-verdes-e-amarelas-e-contas-prateadas\/\" \/>\n<meta property=\"og:locale\" content=\"pt_PT\" \/>\n<meta property=\"og:type\" content=\"article\" \/>\n<meta property=\"og:title\" content=\"Colar duas voltas em corti\u00e7a com cer\u00e2micas quadradas e contas prateadas - Zolla\" \/>\n<meta property=\"og:description\" content=\"Colar duas voltas em corti\u00e7a com cer\u00e2micas quadradas e contas prateadas.\" \/>\n<meta property=\"og:url\" content=\"https:\/\/zollas.art\/pt-pt\/produto\/colar-duas-voltas-em-cortica-com-ceramicas-quadradas-verdes-e-amarelas-e-contas-prateadas\/\" \/>\n<meta property=\"og:site_name\" content=\"Zolla\" \/>\n<meta property=\"article:publisher\" content=\"https:\/\/www.facebook.com\/artelusa\" \/>\n<meta property=\"article:modified_time\" content=\"2025-10-24T13:40:59+00:00\" \/>\n<meta property=\"og:image\" content=\"https:\/\/zollas.art\/wp-content\/uploads\/2025\/07\/A318.01N01.webp\" \/>\n\t<meta property=\"og:image:width\" content=\"1100\" \/>\n\t<meta property=\"og:image:height\" content=\"1100\" \/>\n\t<meta property=\"og:image:type\" content=\"image\/webp\" \/>\n<meta name=\"twitter:card\" content=\"summary_large_image\" \/>\n<meta name=\"twitter:label1\" content=\"Tempo estimado de leitura\" \/>\n\t<meta name=\"twitter:data1\" content=\"2 minutos\" \/>\n<script type=\"application\/ld+json\" class=\"yoast-schema-graph\">{\"@context\":\"https:\/\/schema.org\",\"@graph\":[{\"@type\":\"WebPage\",\"@id\":\"https:\/\/zollas.art\/pt-pt\/produto\/colar-duas-voltas-em-cortica-com-ceramicas-quadradas-verdes-e-amarelas-e-contas-prateadas\/\",\"url\":\"https:\/\/zollas.art\/pt-pt\/produto\/colar-duas-voltas-em-cortica-com-ceramicas-quadradas-verdes-e-amarelas-e-contas-prateadas\/\",\"name\":\"Colar duas voltas em corti\u00e7a com cer\u00e2micas quadradas e contas prateadas - Zolla\",\"isPartOf\":{\"@id\":\"https:\/\/zollas.art\/pt-pt\/#website\"},\"primaryImageOfPage\":{\"@id\":\"https:\/\/zollas.art\/pt-pt\/produto\/colar-duas-voltas-em-cortica-com-ceramicas-quadradas-verdes-e-amarelas-e-contas-prateadas\/#primaryimage\"},\"image\":{\"@id\":\"https:\/\/zollas.art\/pt-pt\/produto\/colar-duas-voltas-em-cortica-com-ceramicas-quadradas-verdes-e-amarelas-e-contas-prateadas\/#primaryimage\"},\"thumbnailUrl\":\"https:\/\/zollas.art\/wp-content\/uploads\/2025\/07\/A318.01N01.webp\",\"datePublished\":\"2025-07-23T14:59:42+00:00\",\"dateModified\":\"2025-10-24T13:40:59+00:00\",\"breadcrumb\":{\"@id\":\"https:\/\/zollas.art\/pt-pt\/produto\/colar-duas-voltas-em-cortica-com-ceramicas-quadradas-verdes-e-amarelas-e-contas-prateadas\/#breadcrumb\"},\"inLanguage\":\"pt-PT\",\"potentialAction\":[{\"@type\":\"ReadAction\",\"target\":[\"https:\/\/zollas.art\/pt-pt\/produto\/colar-duas-voltas-em-cortica-com-ceramicas-quadradas-verdes-e-amarelas-e-contas-prateadas\/\"]}]},{\"@type\":\"ImageObject\",\"inLanguage\":\"pt-PT\",\"@id\":\"https:\/\/zollas.art\/pt-pt\/produto\/colar-duas-voltas-em-cortica-com-ceramicas-quadradas-verdes-e-amarelas-e-contas-prateadas\/#primaryimage\",\"url\":\"https:\/\/zollas.art\/wp-content\/uploads\/2025\/07\/A318.01N01.webp\",\"contentUrl\":\"https:\/\/zollas.art\/wp-content\/uploads\/2025\/07\/A318.01N01.webp\",\"width\":1100,\"height\":1100},{\"@type\":\"BreadcrumbList\",\"@id\":\"https:\/\/zollas.art\/pt-pt\/produto\/colar-duas-voltas-em-cortica-com-ceramicas-quadradas-verdes-e-amarelas-e-contas-prateadas\/#breadcrumb\",\"itemListElement\":[{\"@type\":\"ListItem\",\"position\":1,\"name\":\"Home\",\"item\":\"https:\/\/zollas.art\/pt-pt\/\"},{\"@type\":\"ListItem\",\"position\":2,\"name\":\"Loja\",\"item\":\"https:\/\/zollas.art\/pt-pt\/loja\/\"},{\"@type\":\"ListItem\",\"position\":3,\"name\":\"Colar duas voltas em corti\u00e7a com cer\u00e2micas quadradas e contas prateadas\"}]},{\"@type\":\"WebSite\",\"@id\":\"https:\/\/zollas.art\/pt-pt\/#website\",\"url\":\"https:\/\/zollas.art\/pt-pt\/\",\"name\":\"Zolla\",\"description\":\"Eco Friendly cork products with cork 100% natural and PETA approved.\",\"publisher\":{\"@id\":\"https:\/\/zollas.art\/pt-pt\/#organization\"},\"potentialAction\":[{\"@type\":\"SearchAction\",\"target\":{\"@type\":\"EntryPoint\",\"urlTemplate\":\"https:\/\/zollas.art\/pt-pt\/?s={search_term_string}\"},\"query-input\":{\"@type\":\"PropertyValueSpecification\",\"valueRequired\":true,\"valueName\":\"search_term_string\"}}],\"inLanguage\":\"pt-PT\"},{\"@type\":\"Organization\",\"@id\":\"https:\/\/zollas.art\/pt-pt\/#organization\",\"name\":\"Zollas\",\"url\":\"https:\/\/zollas.art\/pt-pt\/\",\"logo\":{\"@type\":\"ImageObject\",\"inLanguage\":\"pt-PT\",\"@id\":\"https:\/\/zollas.art\/pt-pt\/#\/schema\/logo\/image\/\",\"url\":\"https:\/\/zollas.art\/wp-content\/uploads\/2025\/07\/logo_artelusa_318.webp\",\"contentUrl\":\"https:\/\/zollas.art\/wp-content\/uploads\/2025\/07\/logo_artelusa_318.webp\",\"width\":318,\"height\":145,\"caption\":\"Zollas\"},\"image\":{\"@id\":\"https:\/\/zollas.art\/pt-pt\/#\/schema\/logo\/image\/\"},\"sameAs\":[\"https:\/\/www.facebook.com\/artelusa\",\"https:\/\/www.instagram.com\/artelusa\/\",\"https:\/\/www.youtube.com\/channel\/UCzyslgcvHAI_kQ_hkae5JIw\"]}]}<\/script>\n<!-- \/ Yoast SEO plugin. -->","yoast_head_json":{"title":"Colar duas voltas em corti\u00e7a com cer\u00e2micas quadradas e contas prateadas - Zolla","robots":{"index":"index","follow":"follow","max-snippet":"max-snippet:-1","max-image-preview":"max-image-preview:large","max-video-preview":"max-video-preview:-1"},"canonical":"https:\/\/zollas.art\/pt-pt\/produto\/colar-duas-voltas-em-cortica-com-ceramicas-quadradas-verdes-e-amarelas-e-contas-prateadas\/","og_locale":"pt_PT","og_type":"article","og_title":"Colar duas voltas em corti\u00e7a com cer\u00e2micas quadradas e contas prateadas - Zolla","og_description":"Colar duas voltas em corti\u00e7a com cer\u00e2micas quadradas e contas prateadas.","og_url":"https:\/\/zollas.art\/pt-pt\/produto\/colar-duas-voltas-em-cortica-com-ceramicas-quadradas-verdes-e-amarelas-e-contas-prateadas\/","og_site_name":"Zolla","article_publisher":"https:\/\/www.facebook.com\/artelusa","article_modified_time":"2025-10-24T13:40:59+00:00","og_image":[{"width":1100,"height":1100,"url":"https:\/\/zollas.art\/wp-content\/uploads\/2025\/07\/A318.01N01.webp","type":"image\/webp"}],"twitter_card":"summary_large_image","twitter_misc":{"Tempo estimado de leitura":"2 minutos"},"schema":{"@context":"https:\/\/schema.org","@graph":[{"@type":"WebPage","@id":"https:\/\/zollas.art\/pt-pt\/produto\/colar-duas-voltas-em-cortica-com-ceramicas-quadradas-verdes-e-amarelas-e-contas-prateadas\/","url":"https:\/\/zollas.art\/pt-pt\/produto\/colar-duas-voltas-em-cortica-com-ceramicas-quadradas-verdes-e-amarelas-e-contas-prateadas\/","name":"Colar duas voltas em corti\u00e7a com cer\u00e2micas quadradas e contas prateadas - Zolla","isPartOf":{"@id":"https:\/\/zollas.art\/pt-pt\/#website"},"primaryImageOfPage":{"@id":"https:\/\/zollas.art\/pt-pt\/produto\/colar-duas-voltas-em-cortica-com-ceramicas-quadradas-verdes-e-amarelas-e-contas-prateadas\/#primaryimage"},"image":{"@id":"https:\/\/zollas.art\/pt-pt\/produto\/colar-duas-voltas-em-cortica-com-ceramicas-quadradas-verdes-e-amarelas-e-contas-prateadas\/#primaryimage"},"thumbnailUrl":"https:\/\/zollas.art\/wp-content\/uploads\/2025\/07\/A318.01N01.webp","datePublished":"2025-07-23T14:59:42+00:00","dateModified":"2025-10-24T13:40:59+00:00","breadcrumb":{"@id":"https:\/\/zollas.art\/pt-pt\/produto\/colar-duas-voltas-em-cortica-com-ceramicas-quadradas-verdes-e-amarelas-e-contas-prateadas\/#breadcrumb"},"inLanguage":"pt-PT","potentialAction":[{"@type":"ReadAction","target":["https:\/\/zollas.art\/pt-pt\/produto\/colar-duas-voltas-em-cortica-com-ceramicas-quadradas-verdes-e-amarelas-e-contas-prateadas\/"]}]},{"@type":"ImageObject","inLanguage":"pt-PT","@id":"https:\/\/zollas.art\/pt-pt\/produto\/colar-duas-voltas-em-cortica-com-ceramicas-quadradas-verdes-e-amarelas-e-contas-prateadas\/#primaryimage","url":"https:\/\/zollas.art\/wp-content\/uploads\/2025\/07\/A318.01N01.webp","contentUrl":"https:\/\/zollas.art\/wp-content\/uploads\/2025\/07\/A318.01N01.webp","width":1100,"height":1100},{"@type":"BreadcrumbList","@id":"https:\/\/zollas.art\/pt-pt\/produto\/colar-duas-voltas-em-cortica-com-ceramicas-quadradas-verdes-e-amarelas-e-contas-prateadas\/#breadcrumb","itemListElement":[{"@type":"ListItem","position":1,"name":"Home","item":"https:\/\/zollas.art\/pt-pt\/"},{"@type":"ListItem","position":2,"name":"Loja","item":"https:\/\/zollas.art\/pt-pt\/loja\/"},{"@type":"ListItem","position":3,"name":"Colar duas voltas em corti\u00e7a com cer\u00e2micas quadradas e contas prateadas"}]},{"@type":"WebSite","@id":"https:\/\/zollas.art\/pt-pt\/#website","url":"https:\/\/zollas.art\/pt-pt\/","name":"Zolla","description":"Eco Friendly cork products with cork 100% natural and PETA approved.","publisher":{"@id":"https:\/\/zollas.art\/pt-pt\/#organization"},"potentialAction":[{"@type":"SearchAction","target":{"@type":"EntryPoint","urlTemplate":"https:\/\/zollas.art\/pt-pt\/?s={search_term_string}"},"query-input":{"@type":"PropertyValueSpecification","valueRequired":true,"valueName":"search_term_string"}}],"inLanguage":"pt-PT"},{"@type":"Organization","@id":"https:\/\/zollas.art\/pt-pt\/#organization","name":"Zollas","url":"https:\/\/zollas.art\/pt-pt\/","logo":{"@type":"ImageObject","inLanguage":"pt-PT","@id":"https:\/\/zollas.art\/pt-pt\/#\/schema\/logo\/image\/","url":"https:\/\/zollas.art\/wp-content\/uploads\/2025\/07\/logo_artelusa_318.webp","contentUrl":"https:\/\/zollas.art\/wp-content\/uploads\/2025\/07\/logo_artelusa_318.webp","width":318,"height":145,"caption":"Zollas"},"image":{"@id":"https:\/\/zollas.art\/pt-pt\/#\/schema\/logo\/image\/"},"sameAs":["https:\/\/www.facebook.com\/artelusa","https:\/\/www.instagram.com\/artelusa\/","https:\/\/www.youtube.com\/channel\/UCzyslgcvHAI_kQ_hkae5JIw"]}]}},"_links":{"self":[{"href":"https:\/\/zollas.art\/pt-pt\/wp-json\/wp\/v2\/product\/34406","targetHints":{"allow":["GET"]}}],"collection":[{"href":"https:\/\/zollas.art\/pt-pt\/wp-json\/wp\/v2\/product"}],"about":[{"href":"https:\/\/zollas.art\/pt-pt\/wp-json\/wp\/v2\/types\/product"}],"replies":[{"embeddable":true,"href":"https:\/\/zollas.art\/pt-pt\/wp-json\/wp\/v2\/comments?post=34406"}],"version-history":[{"count":0,"href":"https:\/\/zollas.art\/pt-pt\/wp-json\/wp\/v2\/product\/34406\/revisions"}],"wp:featuredmedia":[{"embeddable":true,"href":"https:\/\/zollas.art\/pt-pt\/wp-json\/wp\/v2\/media\/30795"}],"wp:attachment":[{"href":"https:\/\/zollas.art\/pt-pt\/wp-json\/wp\/v2\/media?parent=34406"}],"wp:term":[{"taxonomy":"product_brand","embeddable":true,"href":"https:\/\/zollas.art\/pt-pt\/wp-json\/wp\/v2\/product_brand?post=34406"},{"taxonomy":"product_cat","embeddable":true,"href":"https:\/\/zollas.art\/pt-pt\/wp-json\/wp\/v2\/product_cat?post=34406"},{"taxonomy":"product_tag","embeddable":true,"href":"https:\/\/zollas.art\/pt-pt\/wp-json\/wp\/v2\/product_tag?post=34406"}],"curies":[{"name":"wp","href":"https:\/\/api.w.org\/{rel}","templated":true}]}}