{"id":34340,"date":"2025-07-23T14:59:37","date_gmt":"2025-07-23T14:59:37","guid":{"rendered":"https:\/\/zollas.art\/product\/cork-backpack-with-strap-closure\/"},"modified":"2025-11-14T16:12:33","modified_gmt":"2025-11-14T16:12:33","slug":"mochila-de-cortica-com-fecho-em-percinta","status":"publish","type":"product","link":"https:\/\/zollas.art\/pt-pt\/produto\/mochila-de-cortica-com-fecho-em-percinta\/","title":{"rendered":"Mochila de corti\u00e7a com fecho em percinta"},"content":{"rendered":"<p>Mochila de corti\u00e7a castanha com fecho em percinta castanha tem um pequeno bolso com z\u00edper a frente, mais um bolso aberto dentro do compartimento principal e um bolso frontal com z\u00edper para manter tudo bem organizado.<\/p>\n<p>A parte traseira acolchoada e as al\u00e7as sofisticadas oferecem conforto extra, enquanto a natureza \u00e0 prova d\u2019\u00e1gua da corti\u00e7a manter\u00e1 tudo seguro e seco.<\/p>\n<p>Ferragens em metal prateado.<\/p>\n<p>Interior: bolso com fecho de correr, forro natural 35% algod\u00e3o e 65% poli\u00e9ster.<\/p>\n<p>Material natural, 100% tecido vegano \u00e0 base de plantas, vegano aprovado pela peta, n\u00e3o produz res\u00edduos na prote\u00e7\u00e3o, processamento ou produ\u00e7\u00e3o, recicl\u00e1vel, \u00e0 prova d\u2019\u00e1gua, sustent\u00e1vel, resistente a manchas, leve, dur\u00e1vel<\/p>\n<p>Fabricado em Portugal com corti\u00e7a portuguesa de alta qualidade.<\/p>\n","protected":false},"excerpt":{"rendered":"<p>Mochila de corti\u00e7a com fecho em percinta.<\/p>\n","protected":false},"featured_media":31981,"comment_status":"closed","ping_status":"closed","template":"","meta":[],"product_brand":[],"product_cat":[203],"product_tag":[],"class_list":{"0":"post-34340","1":"product","2":"type-product","3":"status-publish","4":"has-post-thumbnail","6":"product_cat-homem","8":"first","9":"instock","10":"shipping-taxable","11":"product-type-variable"},"yoast_head":"<!-- This site is optimized with the Yoast SEO plugin v27.2 - https:\/\/yoast.com\/product\/yoast-seo-wordpress\/ -->\n<title>Mochila de corti\u00e7a com fecho em percinta - Zolla<\/title>\n<meta name=\"robots\" content=\"index, follow, max-snippet:-1, max-image-preview:large, max-video-preview:-1\" \/>\n<link rel=\"canonical\" href=\"https:\/\/zollas.art\/pt-pt\/produto\/mochila-de-cortica-com-fecho-em-percinta\/\" \/>\n<meta property=\"og:locale\" content=\"pt_PT\" \/>\n<meta property=\"og:type\" content=\"article\" \/>\n<meta property=\"og:title\" content=\"Mochila de corti\u00e7a com fecho em percinta - Zolla\" \/>\n<meta property=\"og:description\" content=\"Mochila de corti\u00e7a com fecho em percinta.\" \/>\n<meta property=\"og:url\" content=\"https:\/\/zollas.art\/pt-pt\/produto\/mochila-de-cortica-com-fecho-em-percinta\/\" \/>\n<meta property=\"og:site_name\" content=\"Zolla\" \/>\n<meta property=\"article:publisher\" content=\"https:\/\/www.facebook.com\/artelusa\" \/>\n<meta property=\"article:modified_time\" content=\"2025-11-14T16:12:33+00:00\" \/>\n<meta property=\"og:image\" content=\"https:\/\/zollas.art\/wp-content\/uploads\/2025\/08\/4009.04-B36.webp\" \/>\n\t<meta property=\"og:image:width\" content=\"1100\" \/>\n\t<meta property=\"og:image:height\" content=\"1100\" \/>\n\t<meta property=\"og:image:type\" content=\"image\/webp\" \/>\n<meta name=\"twitter:card\" content=\"summary_large_image\" \/>\n<meta name=\"twitter:label1\" content=\"Tempo estimado de leitura\" \/>\n\t<meta name=\"twitter:data1\" content=\"1 minuto\" \/>\n<script type=\"application\/ld+json\" class=\"yoast-schema-graph\">{\"@context\":\"https:\/\/schema.org\",\"@graph\":[{\"@type\":\"WebPage\",\"@id\":\"https:\/\/zollas.art\/pt-pt\/produto\/mochila-de-cortica-com-fecho-em-percinta\/\",\"url\":\"https:\/\/zollas.art\/pt-pt\/produto\/mochila-de-cortica-com-fecho-em-percinta\/\",\"name\":\"Mochila de corti\u00e7a com fecho em percinta - Zolla\",\"isPartOf\":{\"@id\":\"https:\/\/zollas.art\/pt-pt\/#website\"},\"primaryImageOfPage\":{\"@id\":\"https:\/\/zollas.art\/pt-pt\/produto\/mochila-de-cortica-com-fecho-em-percinta\/#primaryimage\"},\"image\":{\"@id\":\"https:\/\/zollas.art\/pt-pt\/produto\/mochila-de-cortica-com-fecho-em-percinta\/#primaryimage\"},\"thumbnailUrl\":\"https:\/\/zollas.art\/wp-content\/uploads\/2025\/08\/4009.04-B36.webp\",\"datePublished\":\"2025-07-23T14:59:37+00:00\",\"dateModified\":\"2025-11-14T16:12:33+00:00\",\"breadcrumb\":{\"@id\":\"https:\/\/zollas.art\/pt-pt\/produto\/mochila-de-cortica-com-fecho-em-percinta\/#breadcrumb\"},\"inLanguage\":\"pt-PT\",\"potentialAction\":[{\"@type\":\"ReadAction\",\"target\":[\"https:\/\/zollas.art\/pt-pt\/produto\/mochila-de-cortica-com-fecho-em-percinta\/\"]}]},{\"@type\":\"ImageObject\",\"inLanguage\":\"pt-PT\",\"@id\":\"https:\/\/zollas.art\/pt-pt\/produto\/mochila-de-cortica-com-fecho-em-percinta\/#primaryimage\",\"url\":\"https:\/\/zollas.art\/wp-content\/uploads\/2025\/08\/4009.04-B36.webp\",\"contentUrl\":\"https:\/\/zollas.art\/wp-content\/uploads\/2025\/08\/4009.04-B36.webp\",\"width\":1100,\"height\":1100},{\"@type\":\"BreadcrumbList\",\"@id\":\"https:\/\/zollas.art\/pt-pt\/produto\/mochila-de-cortica-com-fecho-em-percinta\/#breadcrumb\",\"itemListElement\":[{\"@type\":\"ListItem\",\"position\":1,\"name\":\"Home\",\"item\":\"https:\/\/zollas.art\/pt-pt\/\"},{\"@type\":\"ListItem\",\"position\":2,\"name\":\"Loja\",\"item\":\"https:\/\/zollas.art\/pt-pt\/loja\/\"},{\"@type\":\"ListItem\",\"position\":3,\"name\":\"Mochila de corti\u00e7a com fecho em percinta\"}]},{\"@type\":\"WebSite\",\"@id\":\"https:\/\/zollas.art\/pt-pt\/#website\",\"url\":\"https:\/\/zollas.art\/pt-pt\/\",\"name\":\"Zolla\",\"description\":\"Eco Friendly cork products with cork 100% natural and PETA approved.\",\"publisher\":{\"@id\":\"https:\/\/zollas.art\/pt-pt\/#organization\"},\"potentialAction\":[{\"@type\":\"SearchAction\",\"target\":{\"@type\":\"EntryPoint\",\"urlTemplate\":\"https:\/\/zollas.art\/pt-pt\/?s={search_term_string}\"},\"query-input\":{\"@type\":\"PropertyValueSpecification\",\"valueRequired\":true,\"valueName\":\"search_term_string\"}}],\"inLanguage\":\"pt-PT\"},{\"@type\":\"Organization\",\"@id\":\"https:\/\/zollas.art\/pt-pt\/#organization\",\"name\":\"Zollas\",\"url\":\"https:\/\/zollas.art\/pt-pt\/\",\"logo\":{\"@type\":\"ImageObject\",\"inLanguage\":\"pt-PT\",\"@id\":\"https:\/\/zollas.art\/pt-pt\/#\/schema\/logo\/image\/\",\"url\":\"https:\/\/zollas.art\/wp-content\/uploads\/2025\/07\/logo_artelusa_318.webp\",\"contentUrl\":\"https:\/\/zollas.art\/wp-content\/uploads\/2025\/07\/logo_artelusa_318.webp\",\"width\":318,\"height\":145,\"caption\":\"Zollas\"},\"image\":{\"@id\":\"https:\/\/zollas.art\/pt-pt\/#\/schema\/logo\/image\/\"},\"sameAs\":[\"https:\/\/www.facebook.com\/artelusa\",\"https:\/\/www.instagram.com\/artelusa\/\",\"https:\/\/www.youtube.com\/channel\/UCzyslgcvHAI_kQ_hkae5JIw\"]}]}<\/script>\n<!-- \/ Yoast SEO plugin. -->","yoast_head_json":{"title":"Mochila de corti\u00e7a com fecho em percinta - Zolla","robots":{"index":"index","follow":"follow","max-snippet":"max-snippet:-1","max-image-preview":"max-image-preview:large","max-video-preview":"max-video-preview:-1"},"canonical":"https:\/\/zollas.art\/pt-pt\/produto\/mochila-de-cortica-com-fecho-em-percinta\/","og_locale":"pt_PT","og_type":"article","og_title":"Mochila de corti\u00e7a com fecho em percinta - Zolla","og_description":"Mochila de corti\u00e7a com fecho em percinta.","og_url":"https:\/\/zollas.art\/pt-pt\/produto\/mochila-de-cortica-com-fecho-em-percinta\/","og_site_name":"Zolla","article_publisher":"https:\/\/www.facebook.com\/artelusa","article_modified_time":"2025-11-14T16:12:33+00:00","og_image":[{"width":1100,"height":1100,"url":"https:\/\/zollas.art\/wp-content\/uploads\/2025\/08\/4009.04-B36.webp","type":"image\/webp"}],"twitter_card":"summary_large_image","twitter_misc":{"Tempo estimado de leitura":"1 minuto"},"schema":{"@context":"https:\/\/schema.org","@graph":[{"@type":"WebPage","@id":"https:\/\/zollas.art\/pt-pt\/produto\/mochila-de-cortica-com-fecho-em-percinta\/","url":"https:\/\/zollas.art\/pt-pt\/produto\/mochila-de-cortica-com-fecho-em-percinta\/","name":"Mochila de corti\u00e7a com fecho em percinta - Zolla","isPartOf":{"@id":"https:\/\/zollas.art\/pt-pt\/#website"},"primaryImageOfPage":{"@id":"https:\/\/zollas.art\/pt-pt\/produto\/mochila-de-cortica-com-fecho-em-percinta\/#primaryimage"},"image":{"@id":"https:\/\/zollas.art\/pt-pt\/produto\/mochila-de-cortica-com-fecho-em-percinta\/#primaryimage"},"thumbnailUrl":"https:\/\/zollas.art\/wp-content\/uploads\/2025\/08\/4009.04-B36.webp","datePublished":"2025-07-23T14:59:37+00:00","dateModified":"2025-11-14T16:12:33+00:00","breadcrumb":{"@id":"https:\/\/zollas.art\/pt-pt\/produto\/mochila-de-cortica-com-fecho-em-percinta\/#breadcrumb"},"inLanguage":"pt-PT","potentialAction":[{"@type":"ReadAction","target":["https:\/\/zollas.art\/pt-pt\/produto\/mochila-de-cortica-com-fecho-em-percinta\/"]}]},{"@type":"ImageObject","inLanguage":"pt-PT","@id":"https:\/\/zollas.art\/pt-pt\/produto\/mochila-de-cortica-com-fecho-em-percinta\/#primaryimage","url":"https:\/\/zollas.art\/wp-content\/uploads\/2025\/08\/4009.04-B36.webp","contentUrl":"https:\/\/zollas.art\/wp-content\/uploads\/2025\/08\/4009.04-B36.webp","width":1100,"height":1100},{"@type":"BreadcrumbList","@id":"https:\/\/zollas.art\/pt-pt\/produto\/mochila-de-cortica-com-fecho-em-percinta\/#breadcrumb","itemListElement":[{"@type":"ListItem","position":1,"name":"Home","item":"https:\/\/zollas.art\/pt-pt\/"},{"@type":"ListItem","position":2,"name":"Loja","item":"https:\/\/zollas.art\/pt-pt\/loja\/"},{"@type":"ListItem","position":3,"name":"Mochila de corti\u00e7a com fecho em percinta"}]},{"@type":"WebSite","@id":"https:\/\/zollas.art\/pt-pt\/#website","url":"https:\/\/zollas.art\/pt-pt\/","name":"Zolla","description":"Eco Friendly cork products with cork 100% natural and PETA approved.","publisher":{"@id":"https:\/\/zollas.art\/pt-pt\/#organization"},"potentialAction":[{"@type":"SearchAction","target":{"@type":"EntryPoint","urlTemplate":"https:\/\/zollas.art\/pt-pt\/?s={search_term_string}"},"query-input":{"@type":"PropertyValueSpecification","valueRequired":true,"valueName":"search_term_string"}}],"inLanguage":"pt-PT"},{"@type":"Organization","@id":"https:\/\/zollas.art\/pt-pt\/#organization","name":"Zollas","url":"https:\/\/zollas.art\/pt-pt\/","logo":{"@type":"ImageObject","inLanguage":"pt-PT","@id":"https:\/\/zollas.art\/pt-pt\/#\/schema\/logo\/image\/","url":"https:\/\/zollas.art\/wp-content\/uploads\/2025\/07\/logo_artelusa_318.webp","contentUrl":"https:\/\/zollas.art\/wp-content\/uploads\/2025\/07\/logo_artelusa_318.webp","width":318,"height":145,"caption":"Zollas"},"image":{"@id":"https:\/\/zollas.art\/pt-pt\/#\/schema\/logo\/image\/"},"sameAs":["https:\/\/www.facebook.com\/artelusa","https:\/\/www.instagram.com\/artelusa\/","https:\/\/www.youtube.com\/channel\/UCzyslgcvHAI_kQ_hkae5JIw"]}]}},"_links":{"self":[{"href":"https:\/\/zollas.art\/pt-pt\/wp-json\/wp\/v2\/product\/34340","targetHints":{"allow":["GET"]}}],"collection":[{"href":"https:\/\/zollas.art\/pt-pt\/wp-json\/wp\/v2\/product"}],"about":[{"href":"https:\/\/zollas.art\/pt-pt\/wp-json\/wp\/v2\/types\/product"}],"replies":[{"embeddable":true,"href":"https:\/\/zollas.art\/pt-pt\/wp-json\/wp\/v2\/comments?post=34340"}],"version-history":[{"count":0,"href":"https:\/\/zollas.art\/pt-pt\/wp-json\/wp\/v2\/product\/34340\/revisions"}],"wp:featuredmedia":[{"embeddable":true,"href":"https:\/\/zollas.art\/pt-pt\/wp-json\/wp\/v2\/media\/31981"}],"wp:attachment":[{"href":"https:\/\/zollas.art\/pt-pt\/wp-json\/wp\/v2\/media?parent=34340"}],"wp:term":[{"taxonomy":"product_brand","embeddable":true,"href":"https:\/\/zollas.art\/pt-pt\/wp-json\/wp\/v2\/product_brand?post=34340"},{"taxonomy":"product_cat","embeddable":true,"href":"https:\/\/zollas.art\/pt-pt\/wp-json\/wp\/v2\/product_cat?post=34340"},{"taxonomy":"product_tag","embeddable":true,"href":"https:\/\/zollas.art\/pt-pt\/wp-json\/wp\/v2\/product_tag?post=34340"}],"curies":[{"name":"wp","href":"https:\/\/api.w.org\/{rel}","templated":true}]}}