{"id":34222,"date":"2025-07-23T14:59:27","date_gmt":"2025-07-23T14:59:27","guid":{"rendered":"https:\/\/zollas.art\/product\/shopping-bag-in-natural-cork-with-front-pocket-in-the-same-material\/"},"modified":"2025-10-22T13:59:44","modified_gmt":"2025-10-22T13:59:44","slug":"shopping-bag-em-cortica-com-bolso-frontal-no-mesmo-material","status":"publish","type":"product","link":"https:\/\/zollas.art\/pt-pt\/produto\/shopping-bag-em-cortica-com-bolso-frontal-no-mesmo-material\/","title":{"rendered":"Shopping bag em corti\u00e7a com bolso frontal no mesmo material"},"content":{"rendered":"<p>Shopping bag em corti\u00e7a natural com bolso frontal no mesmo material, pensada para quem valoriza estilo, funcionalidade e sustentabilidade.<\/p>\n<p>O design minimalista destaca a textura e o tom \u00fanicos da corti\u00e7a, criando uma pe\u00e7a elegante e atemporal.<\/p>\n<p>Com interior forrado em tecido bege, oferece um espa\u00e7o amplo e confort\u00e1vel para o uso di\u00e1rio.<\/p>\n<p>Produzida com corti\u00e7a portuguesa certificada FSC\u00ae, extra\u00edda de forma respons\u00e1vel, este acess\u00f3rio \u00e9 100% vegetal, leve, resistente \u00e0 \u00e1gua e a manchas, recicl\u00e1vel e dur\u00e1vel.<\/p>\n<p>O material t\u00eaxtil \u00e9 vegano, \u00e0 base de plantas, com certifica\u00e7\u00e3o PETA-Approved Vegan.<\/p>\n<p>Todo o processo de fabrico \u00e9 feito sem produ\u00e7\u00e3o de res\u00edduos, reafirmando o compromisso com a sustentabilidade.<\/p>\n<p>Fabricada em Portugal com mat\u00e9ria-prima local.<\/p>\n","protected":false},"excerpt":{"rendered":"<p>Shopping bag em corti\u00e7a com bolso frontal no mesmo material.<\/p>\n","protected":false},"featured_media":32678,"comment_status":"closed","ping_status":"closed","template":"","meta":[],"product_brand":[],"product_cat":[141],"product_tag":[],"class_list":{"0":"post-34222","1":"product","2":"type-product","3":"status-publish","4":"has-post-thumbnail","6":"product_cat-malas","8":"first","9":"instock","10":"shipping-taxable","11":"product-type-variable"},"yoast_head":"<!-- This site is optimized with the Yoast SEO plugin v27.2 - https:\/\/yoast.com\/product\/yoast-seo-wordpress\/ -->\n<title>Shopping bag em corti\u00e7a com bolso frontal no mesmo material - Zolla<\/title>\n<meta name=\"robots\" content=\"index, follow, max-snippet:-1, max-image-preview:large, max-video-preview:-1\" \/>\n<link rel=\"canonical\" href=\"https:\/\/zollas.art\/pt-pt\/produto\/shopping-bag-em-cortica-com-bolso-frontal-no-mesmo-material\/\" \/>\n<meta property=\"og:locale\" content=\"pt_PT\" \/>\n<meta property=\"og:type\" content=\"article\" \/>\n<meta property=\"og:title\" content=\"Shopping bag em corti\u00e7a com bolso frontal no mesmo material - Zolla\" \/>\n<meta property=\"og:description\" content=\"Shopping bag em corti\u00e7a com bolso frontal no mesmo material.\" \/>\n<meta property=\"og:url\" content=\"https:\/\/zollas.art\/pt-pt\/produto\/shopping-bag-em-cortica-com-bolso-frontal-no-mesmo-material\/\" \/>\n<meta property=\"og:site_name\" content=\"Zolla\" \/>\n<meta property=\"article:publisher\" content=\"https:\/\/www.facebook.com\/artelusa\" \/>\n<meta property=\"article:modified_time\" content=\"2025-10-22T13:59:44+00:00\" \/>\n<meta property=\"og:image\" content=\"https:\/\/zollas.art\/wp-content\/uploads\/2025\/08\/6710.01-1-1.webp\" \/>\n\t<meta property=\"og:image:width\" content=\"700\" \/>\n\t<meta property=\"og:image:height\" content=\"699\" \/>\n\t<meta property=\"og:image:type\" content=\"image\/webp\" \/>\n<meta name=\"twitter:card\" content=\"summary_large_image\" \/>\n<meta name=\"twitter:label1\" content=\"Tempo estimado de leitura\" \/>\n\t<meta name=\"twitter:data1\" content=\"1 minuto\" \/>\n<script type=\"application\/ld+json\" class=\"yoast-schema-graph\">{\"@context\":\"https:\/\/schema.org\",\"@graph\":[{\"@type\":\"WebPage\",\"@id\":\"https:\/\/zollas.art\/pt-pt\/produto\/shopping-bag-em-cortica-com-bolso-frontal-no-mesmo-material\/\",\"url\":\"https:\/\/zollas.art\/pt-pt\/produto\/shopping-bag-em-cortica-com-bolso-frontal-no-mesmo-material\/\",\"name\":\"Shopping bag em corti\u00e7a com bolso frontal no mesmo material - Zolla\",\"isPartOf\":{\"@id\":\"https:\/\/zollas.art\/pt-pt\/#website\"},\"primaryImageOfPage\":{\"@id\":\"https:\/\/zollas.art\/pt-pt\/produto\/shopping-bag-em-cortica-com-bolso-frontal-no-mesmo-material\/#primaryimage\"},\"image\":{\"@id\":\"https:\/\/zollas.art\/pt-pt\/produto\/shopping-bag-em-cortica-com-bolso-frontal-no-mesmo-material\/#primaryimage\"},\"thumbnailUrl\":\"https:\/\/zollas.art\/wp-content\/uploads\/2025\/08\/6710.01-1-1.webp\",\"datePublished\":\"2025-07-23T14:59:27+00:00\",\"dateModified\":\"2025-10-22T13:59:44+00:00\",\"breadcrumb\":{\"@id\":\"https:\/\/zollas.art\/pt-pt\/produto\/shopping-bag-em-cortica-com-bolso-frontal-no-mesmo-material\/#breadcrumb\"},\"inLanguage\":\"pt-PT\",\"potentialAction\":[{\"@type\":\"ReadAction\",\"target\":[\"https:\/\/zollas.art\/pt-pt\/produto\/shopping-bag-em-cortica-com-bolso-frontal-no-mesmo-material\/\"]}]},{\"@type\":\"ImageObject\",\"inLanguage\":\"pt-PT\",\"@id\":\"https:\/\/zollas.art\/pt-pt\/produto\/shopping-bag-em-cortica-com-bolso-frontal-no-mesmo-material\/#primaryimage\",\"url\":\"https:\/\/zollas.art\/wp-content\/uploads\/2025\/08\/6710.01-1-1.webp\",\"contentUrl\":\"https:\/\/zollas.art\/wp-content\/uploads\/2025\/08\/6710.01-1-1.webp\",\"width\":700,\"height\":699},{\"@type\":\"BreadcrumbList\",\"@id\":\"https:\/\/zollas.art\/pt-pt\/produto\/shopping-bag-em-cortica-com-bolso-frontal-no-mesmo-material\/#breadcrumb\",\"itemListElement\":[{\"@type\":\"ListItem\",\"position\":1,\"name\":\"Home\",\"item\":\"https:\/\/zollas.art\/pt-pt\/\"},{\"@type\":\"ListItem\",\"position\":2,\"name\":\"Loja\",\"item\":\"https:\/\/zollas.art\/pt-pt\/loja\/\"},{\"@type\":\"ListItem\",\"position\":3,\"name\":\"Shopping bag em corti\u00e7a com bolso frontal no mesmo material\"}]},{\"@type\":\"WebSite\",\"@id\":\"https:\/\/zollas.art\/pt-pt\/#website\",\"url\":\"https:\/\/zollas.art\/pt-pt\/\",\"name\":\"Zolla\",\"description\":\"Eco Friendly cork products with cork 100% natural and PETA approved.\",\"publisher\":{\"@id\":\"https:\/\/zollas.art\/pt-pt\/#organization\"},\"potentialAction\":[{\"@type\":\"SearchAction\",\"target\":{\"@type\":\"EntryPoint\",\"urlTemplate\":\"https:\/\/zollas.art\/pt-pt\/?s={search_term_string}\"},\"query-input\":{\"@type\":\"PropertyValueSpecification\",\"valueRequired\":true,\"valueName\":\"search_term_string\"}}],\"inLanguage\":\"pt-PT\"},{\"@type\":\"Organization\",\"@id\":\"https:\/\/zollas.art\/pt-pt\/#organization\",\"name\":\"Zollas\",\"url\":\"https:\/\/zollas.art\/pt-pt\/\",\"logo\":{\"@type\":\"ImageObject\",\"inLanguage\":\"pt-PT\",\"@id\":\"https:\/\/zollas.art\/pt-pt\/#\/schema\/logo\/image\/\",\"url\":\"https:\/\/zollas.art\/wp-content\/uploads\/2025\/07\/logo_artelusa_318.webp\",\"contentUrl\":\"https:\/\/zollas.art\/wp-content\/uploads\/2025\/07\/logo_artelusa_318.webp\",\"width\":318,\"height\":145,\"caption\":\"Zollas\"},\"image\":{\"@id\":\"https:\/\/zollas.art\/pt-pt\/#\/schema\/logo\/image\/\"},\"sameAs\":[\"https:\/\/www.facebook.com\/artelusa\",\"https:\/\/www.instagram.com\/artelusa\/\",\"https:\/\/www.youtube.com\/channel\/UCzyslgcvHAI_kQ_hkae5JIw\"]}]}<\/script>\n<!-- \/ Yoast SEO plugin. -->","yoast_head_json":{"title":"Shopping bag em corti\u00e7a com bolso frontal no mesmo material - Zolla","robots":{"index":"index","follow":"follow","max-snippet":"max-snippet:-1","max-image-preview":"max-image-preview:large","max-video-preview":"max-video-preview:-1"},"canonical":"https:\/\/zollas.art\/pt-pt\/produto\/shopping-bag-em-cortica-com-bolso-frontal-no-mesmo-material\/","og_locale":"pt_PT","og_type":"article","og_title":"Shopping bag em corti\u00e7a com bolso frontal no mesmo material - Zolla","og_description":"Shopping bag em corti\u00e7a com bolso frontal no mesmo material.","og_url":"https:\/\/zollas.art\/pt-pt\/produto\/shopping-bag-em-cortica-com-bolso-frontal-no-mesmo-material\/","og_site_name":"Zolla","article_publisher":"https:\/\/www.facebook.com\/artelusa","article_modified_time":"2025-10-22T13:59:44+00:00","og_image":[{"width":700,"height":699,"url":"https:\/\/zollas.art\/wp-content\/uploads\/2025\/08\/6710.01-1-1.webp","type":"image\/webp"}],"twitter_card":"summary_large_image","twitter_misc":{"Tempo estimado de leitura":"1 minuto"},"schema":{"@context":"https:\/\/schema.org","@graph":[{"@type":"WebPage","@id":"https:\/\/zollas.art\/pt-pt\/produto\/shopping-bag-em-cortica-com-bolso-frontal-no-mesmo-material\/","url":"https:\/\/zollas.art\/pt-pt\/produto\/shopping-bag-em-cortica-com-bolso-frontal-no-mesmo-material\/","name":"Shopping bag em corti\u00e7a com bolso frontal no mesmo material - Zolla","isPartOf":{"@id":"https:\/\/zollas.art\/pt-pt\/#website"},"primaryImageOfPage":{"@id":"https:\/\/zollas.art\/pt-pt\/produto\/shopping-bag-em-cortica-com-bolso-frontal-no-mesmo-material\/#primaryimage"},"image":{"@id":"https:\/\/zollas.art\/pt-pt\/produto\/shopping-bag-em-cortica-com-bolso-frontal-no-mesmo-material\/#primaryimage"},"thumbnailUrl":"https:\/\/zollas.art\/wp-content\/uploads\/2025\/08\/6710.01-1-1.webp","datePublished":"2025-07-23T14:59:27+00:00","dateModified":"2025-10-22T13:59:44+00:00","breadcrumb":{"@id":"https:\/\/zollas.art\/pt-pt\/produto\/shopping-bag-em-cortica-com-bolso-frontal-no-mesmo-material\/#breadcrumb"},"inLanguage":"pt-PT","potentialAction":[{"@type":"ReadAction","target":["https:\/\/zollas.art\/pt-pt\/produto\/shopping-bag-em-cortica-com-bolso-frontal-no-mesmo-material\/"]}]},{"@type":"ImageObject","inLanguage":"pt-PT","@id":"https:\/\/zollas.art\/pt-pt\/produto\/shopping-bag-em-cortica-com-bolso-frontal-no-mesmo-material\/#primaryimage","url":"https:\/\/zollas.art\/wp-content\/uploads\/2025\/08\/6710.01-1-1.webp","contentUrl":"https:\/\/zollas.art\/wp-content\/uploads\/2025\/08\/6710.01-1-1.webp","width":700,"height":699},{"@type":"BreadcrumbList","@id":"https:\/\/zollas.art\/pt-pt\/produto\/shopping-bag-em-cortica-com-bolso-frontal-no-mesmo-material\/#breadcrumb","itemListElement":[{"@type":"ListItem","position":1,"name":"Home","item":"https:\/\/zollas.art\/pt-pt\/"},{"@type":"ListItem","position":2,"name":"Loja","item":"https:\/\/zollas.art\/pt-pt\/loja\/"},{"@type":"ListItem","position":3,"name":"Shopping bag em corti\u00e7a com bolso frontal no mesmo material"}]},{"@type":"WebSite","@id":"https:\/\/zollas.art\/pt-pt\/#website","url":"https:\/\/zollas.art\/pt-pt\/","name":"Zolla","description":"Eco Friendly cork products with cork 100% natural and PETA approved.","publisher":{"@id":"https:\/\/zollas.art\/pt-pt\/#organization"},"potentialAction":[{"@type":"SearchAction","target":{"@type":"EntryPoint","urlTemplate":"https:\/\/zollas.art\/pt-pt\/?s={search_term_string}"},"query-input":{"@type":"PropertyValueSpecification","valueRequired":true,"valueName":"search_term_string"}}],"inLanguage":"pt-PT"},{"@type":"Organization","@id":"https:\/\/zollas.art\/pt-pt\/#organization","name":"Zollas","url":"https:\/\/zollas.art\/pt-pt\/","logo":{"@type":"ImageObject","inLanguage":"pt-PT","@id":"https:\/\/zollas.art\/pt-pt\/#\/schema\/logo\/image\/","url":"https:\/\/zollas.art\/wp-content\/uploads\/2025\/07\/logo_artelusa_318.webp","contentUrl":"https:\/\/zollas.art\/wp-content\/uploads\/2025\/07\/logo_artelusa_318.webp","width":318,"height":145,"caption":"Zollas"},"image":{"@id":"https:\/\/zollas.art\/pt-pt\/#\/schema\/logo\/image\/"},"sameAs":["https:\/\/www.facebook.com\/artelusa","https:\/\/www.instagram.com\/artelusa\/","https:\/\/www.youtube.com\/channel\/UCzyslgcvHAI_kQ_hkae5JIw"]}]}},"_links":{"self":[{"href":"https:\/\/zollas.art\/pt-pt\/wp-json\/wp\/v2\/product\/34222","targetHints":{"allow":["GET"]}}],"collection":[{"href":"https:\/\/zollas.art\/pt-pt\/wp-json\/wp\/v2\/product"}],"about":[{"href":"https:\/\/zollas.art\/pt-pt\/wp-json\/wp\/v2\/types\/product"}],"replies":[{"embeddable":true,"href":"https:\/\/zollas.art\/pt-pt\/wp-json\/wp\/v2\/comments?post=34222"}],"version-history":[{"count":0,"href":"https:\/\/zollas.art\/pt-pt\/wp-json\/wp\/v2\/product\/34222\/revisions"}],"wp:featuredmedia":[{"embeddable":true,"href":"https:\/\/zollas.art\/pt-pt\/wp-json\/wp\/v2\/media\/32678"}],"wp:attachment":[{"href":"https:\/\/zollas.art\/pt-pt\/wp-json\/wp\/v2\/media?parent=34222"}],"wp:term":[{"taxonomy":"product_brand","embeddable":true,"href":"https:\/\/zollas.art\/pt-pt\/wp-json\/wp\/v2\/product_brand?post=34222"},{"taxonomy":"product_cat","embeddable":true,"href":"https:\/\/zollas.art\/pt-pt\/wp-json\/wp\/v2\/product_cat?post=34222"},{"taxonomy":"product_tag","embeddable":true,"href":"https:\/\/zollas.art\/pt-pt\/wp-json\/wp\/v2\/product_tag?post=34222"}],"curies":[{"name":"wp","href":"https:\/\/api.w.org\/{rel}","templated":true}]}}