{"id":34208,"date":"2025-07-23T14:59:27","date_gmt":"2025-07-23T14:59:27","guid":{"rendered":"https:\/\/zollas.art\/product\/natural-cork-notebook-folder-with-black-strap\/"},"modified":"2025-10-22T13:39:06","modified_gmt":"2025-10-22T13:39:06","slug":"pasta-para-portatil-em-cortica-com-percinta-preta","status":"publish","type":"product","link":"https:\/\/zollas.art\/pt-pt\/produto\/pasta-para-portatil-em-cortica-com-percinta-preta\/","title":{"rendered":"Pasta para port\u00e1til em corti\u00e7a com percinta preta"},"content":{"rendered":"<p>Pasta para port\u00e1til fabricada em corti\u00e7a natural de tom bege, um material ecol\u00f3gico, leve e resistente.<\/p>\n<p>Conta com uma percinta preta que acrescenta um contraste moderno ao design simples e funcional.<\/p>\n<p>Disp\u00f5e de um compartimento principal acolchoado, ideal para proteger port\u00e1teis at\u00e9 15&#8243;.<\/p>\n<p>Inclui al\u00e7a refor\u00e7ada para transporte confort\u00e1vel no dia a dia.<\/p>\n<p>Solu\u00e7\u00e3o pr\u00e1tica e elegante para quem procura um acess\u00f3rio sustent\u00e1vel com estilo profissional.<\/p>\n","protected":false},"excerpt":{"rendered":"<p>Pasta para port\u00e1til em corti\u00e7a com percinta preta.<\/p>\n","protected":false},"featured_media":32961,"comment_status":"closed","ping_status":"closed","template":"","meta":[],"product_brand":[],"product_cat":[204],"product_tag":[],"class_list":{"0":"post-34208","1":"product","2":"type-product","3":"status-publish","4":"has-post-thumbnail","6":"product_cat-escritorio","8":"first","9":"instock","10":"shipping-taxable","11":"product-type-variable"},"yoast_head":"<!-- This site is optimized with the Yoast SEO plugin v27.2 - https:\/\/yoast.com\/product\/yoast-seo-wordpress\/ -->\n<title>Pasta para port\u00e1til em corti\u00e7a com percinta preta - Zolla<\/title>\n<meta name=\"robots\" content=\"index, follow, max-snippet:-1, max-image-preview:large, max-video-preview:-1\" \/>\n<link rel=\"canonical\" href=\"https:\/\/zollas.art\/pt-pt\/produto\/pasta-para-portatil-em-cortica-com-percinta-preta\/\" \/>\n<meta property=\"og:locale\" content=\"pt_PT\" \/>\n<meta property=\"og:type\" content=\"article\" \/>\n<meta property=\"og:title\" content=\"Pasta para port\u00e1til em corti\u00e7a com percinta preta - Zolla\" \/>\n<meta property=\"og:description\" content=\"Pasta para port\u00e1til em corti\u00e7a com percinta preta.\" \/>\n<meta property=\"og:url\" content=\"https:\/\/zollas.art\/pt-pt\/produto\/pasta-para-portatil-em-cortica-com-percinta-preta\/\" \/>\n<meta property=\"og:site_name\" content=\"Zolla\" \/>\n<meta property=\"article:publisher\" content=\"https:\/\/www.facebook.com\/artelusa\" \/>\n<meta property=\"article:modified_time\" content=\"2025-10-22T13:39:06+00:00\" \/>\n<meta property=\"og:image\" content=\"https:\/\/zollas.art\/wp-content\/uploads\/2025\/07\/7305.01-OF32-1.webp\" \/>\n\t<meta property=\"og:image:width\" content=\"1500\" \/>\n\t<meta property=\"og:image:height\" content=\"1500\" \/>\n\t<meta property=\"og:image:type\" content=\"image\/webp\" \/>\n<meta name=\"twitter:card\" content=\"summary_large_image\" \/>\n<meta name=\"twitter:label1\" content=\"Tempo estimado de leitura\" \/>\n\t<meta name=\"twitter:data1\" content=\"1 minuto\" \/>\n<script type=\"application\/ld+json\" class=\"yoast-schema-graph\">{\"@context\":\"https:\/\/schema.org\",\"@graph\":[{\"@type\":\"WebPage\",\"@id\":\"https:\/\/zollas.art\/pt-pt\/produto\/pasta-para-portatil-em-cortica-com-percinta-preta\/\",\"url\":\"https:\/\/zollas.art\/pt-pt\/produto\/pasta-para-portatil-em-cortica-com-percinta-preta\/\",\"name\":\"Pasta para port\u00e1til em corti\u00e7a com percinta preta - Zolla\",\"isPartOf\":{\"@id\":\"https:\/\/zollas.art\/pt-pt\/#website\"},\"primaryImageOfPage\":{\"@id\":\"https:\/\/zollas.art\/pt-pt\/produto\/pasta-para-portatil-em-cortica-com-percinta-preta\/#primaryimage\"},\"image\":{\"@id\":\"https:\/\/zollas.art\/pt-pt\/produto\/pasta-para-portatil-em-cortica-com-percinta-preta\/#primaryimage\"},\"thumbnailUrl\":\"https:\/\/zollas.art\/wp-content\/uploads\/2025\/07\/7305.01-OF32-1.webp\",\"datePublished\":\"2025-07-23T14:59:27+00:00\",\"dateModified\":\"2025-10-22T13:39:06+00:00\",\"breadcrumb\":{\"@id\":\"https:\/\/zollas.art\/pt-pt\/produto\/pasta-para-portatil-em-cortica-com-percinta-preta\/#breadcrumb\"},\"inLanguage\":\"pt-PT\",\"potentialAction\":[{\"@type\":\"ReadAction\",\"target\":[\"https:\/\/zollas.art\/pt-pt\/produto\/pasta-para-portatil-em-cortica-com-percinta-preta\/\"]}]},{\"@type\":\"ImageObject\",\"inLanguage\":\"pt-PT\",\"@id\":\"https:\/\/zollas.art\/pt-pt\/produto\/pasta-para-portatil-em-cortica-com-percinta-preta\/#primaryimage\",\"url\":\"https:\/\/zollas.art\/wp-content\/uploads\/2025\/07\/7305.01-OF32-1.webp\",\"contentUrl\":\"https:\/\/zollas.art\/wp-content\/uploads\/2025\/07\/7305.01-OF32-1.webp\",\"width\":1500,\"height\":1500},{\"@type\":\"BreadcrumbList\",\"@id\":\"https:\/\/zollas.art\/pt-pt\/produto\/pasta-para-portatil-em-cortica-com-percinta-preta\/#breadcrumb\",\"itemListElement\":[{\"@type\":\"ListItem\",\"position\":1,\"name\":\"Home\",\"item\":\"https:\/\/zollas.art\/pt-pt\/\"},{\"@type\":\"ListItem\",\"position\":2,\"name\":\"Loja\",\"item\":\"https:\/\/zollas.art\/pt-pt\/loja\/\"},{\"@type\":\"ListItem\",\"position\":3,\"name\":\"Pasta para port\u00e1til em corti\u00e7a com percinta preta\"}]},{\"@type\":\"WebSite\",\"@id\":\"https:\/\/zollas.art\/pt-pt\/#website\",\"url\":\"https:\/\/zollas.art\/pt-pt\/\",\"name\":\"Zolla\",\"description\":\"Eco Friendly cork products with cork 100% natural and PETA approved.\",\"publisher\":{\"@id\":\"https:\/\/zollas.art\/pt-pt\/#organization\"},\"potentialAction\":[{\"@type\":\"SearchAction\",\"target\":{\"@type\":\"EntryPoint\",\"urlTemplate\":\"https:\/\/zollas.art\/pt-pt\/?s={search_term_string}\"},\"query-input\":{\"@type\":\"PropertyValueSpecification\",\"valueRequired\":true,\"valueName\":\"search_term_string\"}}],\"inLanguage\":\"pt-PT\"},{\"@type\":\"Organization\",\"@id\":\"https:\/\/zollas.art\/pt-pt\/#organization\",\"name\":\"Zollas\",\"url\":\"https:\/\/zollas.art\/pt-pt\/\",\"logo\":{\"@type\":\"ImageObject\",\"inLanguage\":\"pt-PT\",\"@id\":\"https:\/\/zollas.art\/pt-pt\/#\/schema\/logo\/image\/\",\"url\":\"https:\/\/zollas.art\/wp-content\/uploads\/2025\/07\/logo_artelusa_318.webp\",\"contentUrl\":\"https:\/\/zollas.art\/wp-content\/uploads\/2025\/07\/logo_artelusa_318.webp\",\"width\":318,\"height\":145,\"caption\":\"Zollas\"},\"image\":{\"@id\":\"https:\/\/zollas.art\/pt-pt\/#\/schema\/logo\/image\/\"},\"sameAs\":[\"https:\/\/www.facebook.com\/artelusa\",\"https:\/\/www.instagram.com\/artelusa\/\",\"https:\/\/www.youtube.com\/channel\/UCzyslgcvHAI_kQ_hkae5JIw\"]}]}<\/script>\n<!-- \/ Yoast SEO plugin. -->","yoast_head_json":{"title":"Pasta para port\u00e1til em corti\u00e7a com percinta preta - Zolla","robots":{"index":"index","follow":"follow","max-snippet":"max-snippet:-1","max-image-preview":"max-image-preview:large","max-video-preview":"max-video-preview:-1"},"canonical":"https:\/\/zollas.art\/pt-pt\/produto\/pasta-para-portatil-em-cortica-com-percinta-preta\/","og_locale":"pt_PT","og_type":"article","og_title":"Pasta para port\u00e1til em corti\u00e7a com percinta preta - Zolla","og_description":"Pasta para port\u00e1til em corti\u00e7a com percinta preta.","og_url":"https:\/\/zollas.art\/pt-pt\/produto\/pasta-para-portatil-em-cortica-com-percinta-preta\/","og_site_name":"Zolla","article_publisher":"https:\/\/www.facebook.com\/artelusa","article_modified_time":"2025-10-22T13:39:06+00:00","og_image":[{"width":1500,"height":1500,"url":"https:\/\/zollas.art\/wp-content\/uploads\/2025\/07\/7305.01-OF32-1.webp","type":"image\/webp"}],"twitter_card":"summary_large_image","twitter_misc":{"Tempo estimado de leitura":"1 minuto"},"schema":{"@context":"https:\/\/schema.org","@graph":[{"@type":"WebPage","@id":"https:\/\/zollas.art\/pt-pt\/produto\/pasta-para-portatil-em-cortica-com-percinta-preta\/","url":"https:\/\/zollas.art\/pt-pt\/produto\/pasta-para-portatil-em-cortica-com-percinta-preta\/","name":"Pasta para port\u00e1til em corti\u00e7a com percinta preta - Zolla","isPartOf":{"@id":"https:\/\/zollas.art\/pt-pt\/#website"},"primaryImageOfPage":{"@id":"https:\/\/zollas.art\/pt-pt\/produto\/pasta-para-portatil-em-cortica-com-percinta-preta\/#primaryimage"},"image":{"@id":"https:\/\/zollas.art\/pt-pt\/produto\/pasta-para-portatil-em-cortica-com-percinta-preta\/#primaryimage"},"thumbnailUrl":"https:\/\/zollas.art\/wp-content\/uploads\/2025\/07\/7305.01-OF32-1.webp","datePublished":"2025-07-23T14:59:27+00:00","dateModified":"2025-10-22T13:39:06+00:00","breadcrumb":{"@id":"https:\/\/zollas.art\/pt-pt\/produto\/pasta-para-portatil-em-cortica-com-percinta-preta\/#breadcrumb"},"inLanguage":"pt-PT","potentialAction":[{"@type":"ReadAction","target":["https:\/\/zollas.art\/pt-pt\/produto\/pasta-para-portatil-em-cortica-com-percinta-preta\/"]}]},{"@type":"ImageObject","inLanguage":"pt-PT","@id":"https:\/\/zollas.art\/pt-pt\/produto\/pasta-para-portatil-em-cortica-com-percinta-preta\/#primaryimage","url":"https:\/\/zollas.art\/wp-content\/uploads\/2025\/07\/7305.01-OF32-1.webp","contentUrl":"https:\/\/zollas.art\/wp-content\/uploads\/2025\/07\/7305.01-OF32-1.webp","width":1500,"height":1500},{"@type":"BreadcrumbList","@id":"https:\/\/zollas.art\/pt-pt\/produto\/pasta-para-portatil-em-cortica-com-percinta-preta\/#breadcrumb","itemListElement":[{"@type":"ListItem","position":1,"name":"Home","item":"https:\/\/zollas.art\/pt-pt\/"},{"@type":"ListItem","position":2,"name":"Loja","item":"https:\/\/zollas.art\/pt-pt\/loja\/"},{"@type":"ListItem","position":3,"name":"Pasta para port\u00e1til em corti\u00e7a com percinta preta"}]},{"@type":"WebSite","@id":"https:\/\/zollas.art\/pt-pt\/#website","url":"https:\/\/zollas.art\/pt-pt\/","name":"Zolla","description":"Eco Friendly cork products with cork 100% natural and PETA approved.","publisher":{"@id":"https:\/\/zollas.art\/pt-pt\/#organization"},"potentialAction":[{"@type":"SearchAction","target":{"@type":"EntryPoint","urlTemplate":"https:\/\/zollas.art\/pt-pt\/?s={search_term_string}"},"query-input":{"@type":"PropertyValueSpecification","valueRequired":true,"valueName":"search_term_string"}}],"inLanguage":"pt-PT"},{"@type":"Organization","@id":"https:\/\/zollas.art\/pt-pt\/#organization","name":"Zollas","url":"https:\/\/zollas.art\/pt-pt\/","logo":{"@type":"ImageObject","inLanguage":"pt-PT","@id":"https:\/\/zollas.art\/pt-pt\/#\/schema\/logo\/image\/","url":"https:\/\/zollas.art\/wp-content\/uploads\/2025\/07\/logo_artelusa_318.webp","contentUrl":"https:\/\/zollas.art\/wp-content\/uploads\/2025\/07\/logo_artelusa_318.webp","width":318,"height":145,"caption":"Zollas"},"image":{"@id":"https:\/\/zollas.art\/pt-pt\/#\/schema\/logo\/image\/"},"sameAs":["https:\/\/www.facebook.com\/artelusa","https:\/\/www.instagram.com\/artelusa\/","https:\/\/www.youtube.com\/channel\/UCzyslgcvHAI_kQ_hkae5JIw"]}]}},"_links":{"self":[{"href":"https:\/\/zollas.art\/pt-pt\/wp-json\/wp\/v2\/product\/34208","targetHints":{"allow":["GET"]}}],"collection":[{"href":"https:\/\/zollas.art\/pt-pt\/wp-json\/wp\/v2\/product"}],"about":[{"href":"https:\/\/zollas.art\/pt-pt\/wp-json\/wp\/v2\/types\/product"}],"replies":[{"embeddable":true,"href":"https:\/\/zollas.art\/pt-pt\/wp-json\/wp\/v2\/comments?post=34208"}],"version-history":[{"count":0,"href":"https:\/\/zollas.art\/pt-pt\/wp-json\/wp\/v2\/product\/34208\/revisions"}],"wp:featuredmedia":[{"embeddable":true,"href":"https:\/\/zollas.art\/pt-pt\/wp-json\/wp\/v2\/media\/32961"}],"wp:attachment":[{"href":"https:\/\/zollas.art\/pt-pt\/wp-json\/wp\/v2\/media?parent=34208"}],"wp:term":[{"taxonomy":"product_brand","embeddable":true,"href":"https:\/\/zollas.art\/pt-pt\/wp-json\/wp\/v2\/product_brand?post=34208"},{"taxonomy":"product_cat","embeddable":true,"href":"https:\/\/zollas.art\/pt-pt\/wp-json\/wp\/v2\/product_cat?post=34208"},{"taxonomy":"product_tag","embeddable":true,"href":"https:\/\/zollas.art\/pt-pt\/wp-json\/wp\/v2\/product_tag?post=34208"}],"curies":[{"name":"wp","href":"https:\/\/api.w.org\/{rel}","templated":true}]}}