{"id":35185,"date":"2025-09-18T13:36:12","date_gmt":"2025-09-18T13:36:12","guid":{"rendered":"https:\/\/zollas.art\/terms-conditions\/"},"modified":"2025-11-13T17:00:09","modified_gmt":"2025-11-13T17:00:09","slug":"termos-condicoes","status":"publish","type":"page","link":"https:\/\/zollas.art\/pt-pt\/termos-condicoes\/","title":{"rendered":"Termos &#038; Condi\u00e7\u00f5es"},"content":{"rendered":"\t\t<div data-elementor-type=\"wp-page\" data-elementor-id=\"35185\" class=\"elementor elementor-35185 elementor-33336\">\n\t\t\t\t<div class=\"wd-negative-gap elementor-element elementor-element-0067281 e-flex e-con-boxed e-con e-parent\" data-id=\"0067281\" data-element_type=\"container\" data-e-type=\"container\">\n\t\t\t\t\t<div class=\"e-con-inner\">\n\t\t\t\t<div class=\"elementor-element elementor-element-1ac36e7 color-scheme-inherit text-left elementor-widget elementor-widget-text-editor\" data-id=\"1ac36e7\" data-element_type=\"widget\" data-e-type=\"widget\" data-widget_type=\"text-editor.default\">\n\t\t\t\t\t\t\t\t\t<h4>TERMOS E CONDI\u00c7\u00d5ES<\/h4><p><strong>Pol\u00edtica Comercial<\/strong><\/p><p>1.\u00ba A \u201cvendedora\u201d Beatriz Gra\u00e7a Zoio, Unipessoal LDA. tem produtos \u00e0 venda no site https:\/\/zollas.art\/, estando os servi\u00e7os de \u201ce-commerce\u201d dispon\u00edveis exclusivamente para utilizadores finais\/\u201cconsumidores\u201d.<\/p><p>1.2 O \u201cConsumidor\u201d indica o indiv\u00edduo que age\/compra fora da sua atividade comercial ou profissional. Se n\u00e3o for \u201cconsumidor\u201d, solicitamos que n\u00e3o efetue compras no site de vendas online https:\/\/zollas.art\/ e envie um e-mail para geral.moncor@outlook.pt para obter mais informa\u00e7\u00f5es sobre vendas entre empresas.<\/p><p>1.3 A Beatriz Gra\u00e7a Zoio, Unipessoal LDA. reserva-se o direito de n\u00e3o processar encomendas recebidas de utilizadores que n\u00e3o sejam \u201cConsumidores\u201d ou que n\u00e3o estejam em conformidade com os termos e condi\u00e7\u00f5es gerais da vendedora Beatriz Gra\u00e7a Zoio, Unipessoal LDA..<\/p><p>1.4 Estes termos e condi\u00e7\u00f5es gerais de venda regulam exclusivamente a oferta, transmiss\u00e3o e aceita\u00e7\u00e3o de encomendas efetuadas em https:\/\/zollas.art\/ entre os consumidores da loja online Zolla e o vendedor.<\/p><p>1.5 O \u201cConsumidor\u201d deve fornecer ao \u201cVendedor\u201d um endere\u00e7o de correio eletr\u00f3nico ou dados relativos a outra forma de contacto, que sejam corretos e completos, e aceita que o \u201cVendedor\u201d o possa contactar atrav\u00e9s desses dados, se o considerar necess\u00e1rio. Apoio ao cliente Para mais informa\u00e7\u00f5es, pode contactar o vendedor por correio eletr\u00f3nico para geral.moncor@outlook.pt ou por telefone para o n\u00famero (+351) 21 099 63 20.<\/p><p>Dados da empresa<br \/>Beatriz Gra\u00e7a Zoio, Unipessoal LDA.<br \/>Rua Te\u00f3filo Carvalho dos Santos n\u00ba 5-A<br \/>1600-773 Lisboa<br \/>Tel.: +351 21 099 63 20<br \/>E-mail: geral.moncor@outlook.pt<\/p>\t\t\t\t\t\t\t\t<\/div>\n\t\t\t\t\t<\/div>\n\t\t\t\t<\/div>\n\t\t\t\t<\/div>\n\t\t","protected":false},"excerpt":{"rendered":"<p>TERMOS E CONDI\u00c7\u00d5ES Pol\u00edtica Comercial 1.\u00ba A \u201cvendedora\u201d Beatriz Gra\u00e7a Zoio, Unipessoal LDA. tem produtos \u00e0 venda no site https:\/\/zollas.art\/,<\/p>\n","protected":false},"author":1,"featured_media":0,"parent":0,"menu_order":0,"comment_status":"closed","ping_status":"closed","template":"","meta":{"footnotes":""},"class_list":["post-35185","page","type-page","status-publish","hentry"],"yoast_head":"<!-- This site is optimized with the Yoast SEO plugin v27.2 - https:\/\/yoast.com\/product\/yoast-seo-wordpress\/ -->\n<title>Termos &amp; Condi\u00e7\u00f5es - Zolla<\/title>\n<meta name=\"robots\" content=\"index, follow, max-snippet:-1, max-image-preview:large, max-video-preview:-1\" \/>\n<link rel=\"canonical\" href=\"https:\/\/zollas.art\/pt-pt\/termos-condicoes\/\" \/>\n<meta property=\"og:locale\" content=\"pt_PT\" \/>\n<meta property=\"og:type\" content=\"article\" \/>\n<meta property=\"og:title\" content=\"Termos &amp; Condi\u00e7\u00f5es - Zolla\" \/>\n<meta property=\"og:description\" content=\"TERMOS E CONDI\u00c7\u00d5ES Pol\u00edtica Comercial 1.\u00ba A \u201cvendedora\u201d Beatriz Gra\u00e7a Zoio, Unipessoal LDA. tem produtos \u00e0 venda no site https:\/\/zollas.art\/,\" \/>\n<meta property=\"og:url\" content=\"https:\/\/zollas.art\/pt-pt\/termos-condicoes\/\" \/>\n<meta property=\"og:site_name\" content=\"Zolla\" \/>\n<meta property=\"article:publisher\" content=\"https:\/\/www.facebook.com\/artelusa\" \/>\n<meta property=\"article:modified_time\" content=\"2025-11-13T17:00:09+00:00\" \/>\n<meta property=\"og:image\" content=\"https:\/\/zollas.art\/wp-content\/uploads\/2025\/07\/logo_artelusa_318.webp\" \/>\n\t<meta property=\"og:image:width\" content=\"318\" \/>\n\t<meta property=\"og:image:height\" content=\"145\" \/>\n\t<meta property=\"og:image:type\" content=\"image\/webp\" \/>\n<meta name=\"twitter:card\" content=\"summary_large_image\" \/>\n<meta name=\"twitter:label1\" content=\"Tempo estimado de leitura\" \/>\n\t<meta name=\"twitter:data1\" content=\"2 minutos\" \/>\n<script type=\"application\/ld+json\" class=\"yoast-schema-graph\">{\"@context\":\"https:\/\/schema.org\",\"@graph\":[{\"@type\":\"WebPage\",\"@id\":\"https:\/\/zollas.art\/pt-pt\/termos-condicoes\/\",\"url\":\"https:\/\/zollas.art\/pt-pt\/termos-condicoes\/\",\"name\":\"Termos & Condi\u00e7\u00f5es - Zolla\",\"isPartOf\":{\"@id\":\"https:\/\/zollas.art\/pt-pt\/#website\"},\"datePublished\":\"2025-09-18T13:36:12+00:00\",\"dateModified\":\"2025-11-13T17:00:09+00:00\",\"breadcrumb\":{\"@id\":\"https:\/\/zollas.art\/pt-pt\/termos-condicoes\/#breadcrumb\"},\"inLanguage\":\"pt-PT\",\"potentialAction\":[{\"@type\":\"ReadAction\",\"target\":[\"https:\/\/zollas.art\/pt-pt\/termos-condicoes\/\"]}]},{\"@type\":\"BreadcrumbList\",\"@id\":\"https:\/\/zollas.art\/pt-pt\/termos-condicoes\/#breadcrumb\",\"itemListElement\":[{\"@type\":\"ListItem\",\"position\":1,\"name\":\"Home\",\"item\":\"https:\/\/zollas.art\/pt-pt\/\"},{\"@type\":\"ListItem\",\"position\":2,\"name\":\"Termos &#038; Condi\u00e7\u00f5es\"}]},{\"@type\":\"WebSite\",\"@id\":\"https:\/\/zollas.art\/pt-pt\/#website\",\"url\":\"https:\/\/zollas.art\/pt-pt\/\",\"name\":\"Zolla\",\"description\":\"Eco Friendly cork products with cork 100% natural and PETA approved.\",\"publisher\":{\"@id\":\"https:\/\/zollas.art\/pt-pt\/#organization\"},\"potentialAction\":[{\"@type\":\"SearchAction\",\"target\":{\"@type\":\"EntryPoint\",\"urlTemplate\":\"https:\/\/zollas.art\/pt-pt\/?s={search_term_string}\"},\"query-input\":{\"@type\":\"PropertyValueSpecification\",\"valueRequired\":true,\"valueName\":\"search_term_string\"}}],\"inLanguage\":\"pt-PT\"},{\"@type\":\"Organization\",\"@id\":\"https:\/\/zollas.art\/pt-pt\/#organization\",\"name\":\"Zollas\",\"url\":\"https:\/\/zollas.art\/pt-pt\/\",\"logo\":{\"@type\":\"ImageObject\",\"inLanguage\":\"pt-PT\",\"@id\":\"https:\/\/zollas.art\/pt-pt\/#\/schema\/logo\/image\/\",\"url\":\"https:\/\/zollas.art\/wp-content\/uploads\/2025\/07\/logo_artelusa_318.webp\",\"contentUrl\":\"https:\/\/zollas.art\/wp-content\/uploads\/2025\/07\/logo_artelusa_318.webp\",\"width\":318,\"height\":145,\"caption\":\"Zollas\"},\"image\":{\"@id\":\"https:\/\/zollas.art\/pt-pt\/#\/schema\/logo\/image\/\"},\"sameAs\":[\"https:\/\/www.facebook.com\/artelusa\",\"https:\/\/www.instagram.com\/artelusa\/\",\"https:\/\/www.youtube.com\/channel\/UCzyslgcvHAI_kQ_hkae5JIw\"]}]}<\/script>\n<!-- \/ Yoast SEO plugin. -->","yoast_head_json":{"title":"Termos & Condi\u00e7\u00f5es - Zolla","robots":{"index":"index","follow":"follow","max-snippet":"max-snippet:-1","max-image-preview":"max-image-preview:large","max-video-preview":"max-video-preview:-1"},"canonical":"https:\/\/zollas.art\/pt-pt\/termos-condicoes\/","og_locale":"pt_PT","og_type":"article","og_title":"Termos & Condi\u00e7\u00f5es - Zolla","og_description":"TERMOS E CONDI\u00c7\u00d5ES Pol\u00edtica Comercial 1.\u00ba A \u201cvendedora\u201d Beatriz Gra\u00e7a Zoio, Unipessoal LDA. tem produtos \u00e0 venda no site https:\/\/zollas.art\/,","og_url":"https:\/\/zollas.art\/pt-pt\/termos-condicoes\/","og_site_name":"Zolla","article_publisher":"https:\/\/www.facebook.com\/artelusa","article_modified_time":"2025-11-13T17:00:09+00:00","og_image":[{"width":318,"height":145,"url":"https:\/\/zollas.art\/wp-content\/uploads\/2025\/07\/logo_artelusa_318.webp","type":"image\/webp"}],"twitter_card":"summary_large_image","twitter_misc":{"Tempo estimado de leitura":"2 minutos"},"schema":{"@context":"https:\/\/schema.org","@graph":[{"@type":"WebPage","@id":"https:\/\/zollas.art\/pt-pt\/termos-condicoes\/","url":"https:\/\/zollas.art\/pt-pt\/termos-condicoes\/","name":"Termos & Condi\u00e7\u00f5es - Zolla","isPartOf":{"@id":"https:\/\/zollas.art\/pt-pt\/#website"},"datePublished":"2025-09-18T13:36:12+00:00","dateModified":"2025-11-13T17:00:09+00:00","breadcrumb":{"@id":"https:\/\/zollas.art\/pt-pt\/termos-condicoes\/#breadcrumb"},"inLanguage":"pt-PT","potentialAction":[{"@type":"ReadAction","target":["https:\/\/zollas.art\/pt-pt\/termos-condicoes\/"]}]},{"@type":"BreadcrumbList","@id":"https:\/\/zollas.art\/pt-pt\/termos-condicoes\/#breadcrumb","itemListElement":[{"@type":"ListItem","position":1,"name":"Home","item":"https:\/\/zollas.art\/pt-pt\/"},{"@type":"ListItem","position":2,"name":"Termos &#038; Condi\u00e7\u00f5es"}]},{"@type":"WebSite","@id":"https:\/\/zollas.art\/pt-pt\/#website","url":"https:\/\/zollas.art\/pt-pt\/","name":"Zolla","description":"Eco Friendly cork products with cork 100% natural and PETA approved.","publisher":{"@id":"https:\/\/zollas.art\/pt-pt\/#organization"},"potentialAction":[{"@type":"SearchAction","target":{"@type":"EntryPoint","urlTemplate":"https:\/\/zollas.art\/pt-pt\/?s={search_term_string}"},"query-input":{"@type":"PropertyValueSpecification","valueRequired":true,"valueName":"search_term_string"}}],"inLanguage":"pt-PT"},{"@type":"Organization","@id":"https:\/\/zollas.art\/pt-pt\/#organization","name":"Zollas","url":"https:\/\/zollas.art\/pt-pt\/","logo":{"@type":"ImageObject","inLanguage":"pt-PT","@id":"https:\/\/zollas.art\/pt-pt\/#\/schema\/logo\/image\/","url":"https:\/\/zollas.art\/wp-content\/uploads\/2025\/07\/logo_artelusa_318.webp","contentUrl":"https:\/\/zollas.art\/wp-content\/uploads\/2025\/07\/logo_artelusa_318.webp","width":318,"height":145,"caption":"Zollas"},"image":{"@id":"https:\/\/zollas.art\/pt-pt\/#\/schema\/logo\/image\/"},"sameAs":["https:\/\/www.facebook.com\/artelusa","https:\/\/www.instagram.com\/artelusa\/","https:\/\/www.youtube.com\/channel\/UCzyslgcvHAI_kQ_hkae5JIw"]}]}},"_links":{"self":[{"href":"https:\/\/zollas.art\/pt-pt\/wp-json\/wp\/v2\/pages\/35185","targetHints":{"allow":["GET"]}}],"collection":[{"href":"https:\/\/zollas.art\/pt-pt\/wp-json\/wp\/v2\/pages"}],"about":[{"href":"https:\/\/zollas.art\/pt-pt\/wp-json\/wp\/v2\/types\/page"}],"author":[{"embeddable":true,"href":"https:\/\/zollas.art\/pt-pt\/wp-json\/wp\/v2\/users\/1"}],"replies":[{"embeddable":true,"href":"https:\/\/zollas.art\/pt-pt\/wp-json\/wp\/v2\/comments?post=35185"}],"version-history":[{"count":0,"href":"https:\/\/zollas.art\/pt-pt\/wp-json\/wp\/v2\/pages\/35185\/revisions"}],"wp:attachment":[{"href":"https:\/\/zollas.art\/pt-pt\/wp-json\/wp\/v2\/media?parent=35185"}],"curies":[{"name":"wp","href":"https:\/\/api.w.org\/{rel}","templated":true}]}}